{"id":121,"date":"2024-08-20T23:28:49","date_gmt":"2024-08-20T21:28:49","guid":{"rendered":"https:\/\/rezbergh.web-cms.io\/?page_id=121"},"modified":"2025-07-26T18:40:12","modified_gmt":"2025-07-26T16:40:12","slug":"maison","status":"publish","type":"page","link":"https:\/\/www.rezbergh.lu\/en\/maison\/","title":{"rendered":"Maison"},"content":{"rendered":"<div data-elementor-type=\"wp-page\" data-elementor-id=\"121\" class=\"elementor elementor-121\" data-elementor-post-type=\"page\">\n\t\t\t\t<div class=\"elementor-element elementor-element-3cc7f714 e-con-full e-flex e-con e-parent\" data-id=\"3cc7f714\" data-element_type=\"container\" data-settings=\"{&quot;background_background&quot;:&quot;classic&quot;}\">\n\t\t\t\t<div class=\"elementor-element elementor-element-561a84e6 elementor-widget elementor-widget-heading\" data-id=\"561a84e6\" data-element_type=\"widget\" data-widget_type=\"heading.default\">\n\t\t\t\t<div class=\"elementor-widget-container\">\n\t\t\t\t\t<h2 class=\"elementor-heading-title elementor-size-default\">Welcome to the Maison Rezbergh<\/h2>\t\t\t\t<\/div>\n\t\t\t\t<\/div>\n\t\t\t\t<\/div>\n\t\t<div class=\"elementor-element elementor-element-2dda1249 e-flex e-con-boxed e-con e-parent\" data-id=\"2dda1249\" data-element_type=\"container\" data-settings=\"{&quot;background_background&quot;:&quot;classic&quot;}\">\n\t\t\t\t\t<div class=\"e-con-inner\">\n\t\t\t\t<div class=\"elementor-element elementor-element-7f6d7e12 elementor-hidden-desktop elementor-hidden-tablet elementor-hidden-mobile elementor-widget elementor-widget-heading\" data-id=\"7f6d7e12\" data-element_type=\"widget\" data-widget_type=\"heading.default\">\n\t\t\t\t<div class=\"elementor-widget-container\">\n\t\t\t\t\t<h3 class=\"elementor-heading-title elementor-size-default\">a wine country that has many qualities and exclusive promises in its very name: Value, continuity, splendour and abundance<\/h3>\t\t\t\t<\/div>\n\t\t\t\t<\/div>\n\t\t\t\t<div class=\"elementor-element elementor-element-30acf782 elementor-widget elementor-widget-heading\" data-id=\"30acf782\" data-element_type=\"widget\" data-widget_type=\"heading.default\">\n\t\t\t\t<div class=\"elementor-widget-container\">\n\t\t\t\t\t<h3 class=\"elementor-heading-title elementor-size-default\">Wine connoisseurs are looking for extraordinary stories, discoveries and experiences with substance. With origin and future, about diversity and originality, with meaning and truth, but also with rough edges<\/h3>\t\t\t\t<\/div>\n\t\t\t\t<\/div>\n\t\t\t\t\t<\/div>\n\t\t\t\t<\/div>\n\t\t<div class=\"elementor-element elementor-element-405eed0a e-flex e-con-boxed e-con e-parent\" data-id=\"405eed0a\" data-element_type=\"container\" data-settings=\"{&quot;background_background&quot;:&quot;classic&quot;}\">\n\t\t\t\t\t<div class=\"e-con-inner\">\n\t\t<div class=\"elementor-element elementor-element-72896690 e-con-full e-flex e-con e-child\" data-id=\"72896690\" data-element_type=\"container\">\n\t\t\t\t<div class=\"elementor-element elementor-element-29701216 elementor-widget elementor-widget-heading\" data-id=\"29701216\" data-element_type=\"widget\" data-widget_type=\"heading.default\">\n\t\t\t\t<div class=\"elementor-widget-container\">\n\t\t\t\t\t<h2 class=\"elementor-heading-title elementor-size-default\">The country<\/h2>\t\t\t\t<\/div>\n\t\t\t\t<\/div>\n\t\t\t\t<div class=\"elementor-element elementor-element-7bf2cfe3 elementor-widget elementor-widget-heading\" data-id=\"7bf2cfe3\" data-element_type=\"widget\" data-widget_type=\"heading.default\">\n\t\t\t\t<div class=\"elementor-widget-container\">\n\t\t\t\t\t<p class=\"elementor-heading-title elementor-size-default\">As early as 350 AD, the Roman poet Ausonius described how higher-lying plots on the slopes of the Luxembourg Moselle were planted with vines. Genuine tradition, unique terroir, a strong passion for wine - it's all there in Luxembourg. And we are continuing this history by rewriting it. World-famous as one of the most important financial centres in the world. But also a traditional wine country and one of the few in the EU to have a Minister of Viticulture. The quality, the unique locations and not least the diversity of grape varieties in a small area are unique and thus also embody the diversity and cosmopolitanism of the population, which consists of over 47% inhabitants of different national and cultural origins from over 170 nations.<\/p>\t\t\t\t<\/div>\n\t\t\t\t<\/div>\n\t\t\t\t<\/div>\n\t\t<div class=\"elementor-element elementor-element-5311175e e-con-full e-flex e-con e-child\" data-id=\"5311175e\" data-element_type=\"container\">\n\t\t\t\t<div class=\"elementor-element elementor-element-1ddec424 elementor-widget elementor-widget-image\" data-id=\"1ddec424\" data-element_type=\"widget\" data-widget_type=\"image.default\">\n\t\t\t\t<div class=\"elementor-widget-container\">\n\t\t\t\t\t\t\t\t\t\t\t\t\t\t\t<img loading=\"lazy\" decoding=\"async\" width=\"1000\" height=\"1021\" src=\"https:\/\/www.rezbergh.lu\/wp-content\/uploads\/2025\/06\/5435-min.png\" class=\"attachment-1536x1536 size-1536x1536 wp-image-3018\" alt=\"\" srcset=\"https:\/\/www.rezbergh.lu\/wp-content\/uploads\/2025\/06\/5435-min.png 1000w, https:\/\/www.rezbergh.lu\/wp-content\/uploads\/2025\/06\/5435-min-294x300.png 294w, https:\/\/www.rezbergh.lu\/wp-content\/uploads\/2025\/06\/5435-min-768x784.png 768w, https:\/\/www.rezbergh.lu\/wp-content\/uploads\/2025\/06\/5435-min-12x12.png 12w, https:\/\/www.rezbergh.lu\/wp-content\/uploads\/2025\/06\/5435-min-600x613.png 600w\" sizes=\"auto, (max-width: 1000px) 100vw, 1000px\" \/>\t\t\t\t\t\t\t\t\t\t\t\t\t\t\t<\/div>\n\t\t\t\t<\/div>\n\t\t\t\t<\/div>\n\t\t\t\t\t<\/div>\n\t\t\t\t<\/div>\n\t\t<div class=\"elementor-element elementor-element-5706b7a2 e-flex e-con-boxed e-con e-parent\" data-id=\"5706b7a2\" data-element_type=\"container\" data-settings=\"{&quot;background_background&quot;:&quot;classic&quot;}\">\n\t\t\t\t\t<div class=\"e-con-inner\">\n\t\t<div class=\"elementor-element elementor-element-5c3beda9 e-con-full e-flex e-con e-child\" data-id=\"5c3beda9\" data-element_type=\"container\">\n\t\t\t\t<div class=\"elementor-element elementor-element-20c5bb6d elementor-widget elementor-widget-heading\" data-id=\"20c5bb6d\" data-element_type=\"widget\" data-widget_type=\"heading.default\">\n\t\t\t\t<div class=\"elementor-widget-container\">\n\t\t\t\t\t<h2 class=\"elementor-heading-title elementor-size-default\">The terroir<\/h2>\t\t\t\t<\/div>\n\t\t\t\t<\/div>\n\t\t\t\t<div class=\"elementor-element elementor-element-538eb721 elementor-widget elementor-widget-heading\" data-id=\"538eb721\" data-element_type=\"widget\" data-widget_type=\"heading.default\">\n\t\t\t\t<div class=\"elementor-widget-container\">\n\t\t\t\t\t<p class=\"elementor-heading-title elementor-size-default\">Every vintage is a tribute to the unique soils and the special microclimate of the Moselle, every sip of their cuv\u00e9es tells the story of Luxembourg's wine tradition. Two different rock formations characterise our Cr\u00e9mants: Keuper in the Schengen area and shell limestone in the canton of Grevenmacher. Our winegrowers carefully select the best south and west-facing sites for Rezbergh.<\/p>\t\t\t\t<\/div>\n\t\t\t\t<\/div>\n\t\t\t\t<\/div>\n\t\t<div class=\"elementor-element elementor-element-a6f7272 e-con-full e-flex e-con e-child\" data-id=\"a6f7272\" data-element_type=\"container\">\n\t\t\t\t<div class=\"elementor-element elementor-element-3aab4a1c elementor-widget elementor-widget-image\" data-id=\"3aab4a1c\" data-element_type=\"widget\" data-widget_type=\"image.default\">\n\t\t\t\t<div class=\"elementor-widget-container\">\n\t\t\t\t\t\t\t\t\t\t\t\t\t\t\t<img loading=\"lazy\" decoding=\"async\" width=\"1000\" height=\"1021\" src=\"https:\/\/www.rezbergh.lu\/wp-content\/uploads\/2025\/07\/maison-section2-1.png\" class=\"attachment-1536x1536 size-1536x1536 wp-image-3159\" alt=\"\" srcset=\"https:\/\/www.rezbergh.lu\/wp-content\/uploads\/2025\/07\/maison-section2-1.png 1000w, https:\/\/www.rezbergh.lu\/wp-content\/uploads\/2025\/07\/maison-section2-1-294x300.png 294w, https:\/\/www.rezbergh.lu\/wp-content\/uploads\/2025\/07\/maison-section2-1-768x784.png 768w, https:\/\/www.rezbergh.lu\/wp-content\/uploads\/2025\/07\/maison-section2-1-12x12.png 12w, https:\/\/www.rezbergh.lu\/wp-content\/uploads\/2025\/07\/maison-section2-1-600x613.png 600w\" sizes=\"auto, (max-width: 1000px) 100vw, 1000px\" \/>\t\t\t\t\t\t\t\t\t\t\t\t\t\t\t<\/div>\n\t\t\t\t<\/div>\n\t\t\t\t<\/div>\n\t\t\t\t\t<\/div>\n\t\t\t\t<\/div>\n\t\t<div class=\"elementor-element elementor-element-150c828b e-flex e-con-boxed e-con e-parent\" data-id=\"150c828b\" data-element_type=\"container\" data-settings=\"{&quot;background_background&quot;:&quot;classic&quot;}\">\n\t\t\t\t\t<div class=\"e-con-inner\">\n\t\t<div class=\"elementor-element elementor-element-42301db5 e-con-full e-flex e-con e-child\" data-id=\"42301db5\" data-element_type=\"container\">\n\t\t\t\t<div class=\"elementor-element elementor-element-7a20a3e0 elementor-widget elementor-widget-heading\" data-id=\"7a20a3e0\" data-element_type=\"widget\" data-widget_type=\"heading.default\">\n\t\t\t\t<div class=\"elementor-widget-container\">\n\t\t\t\t\t<h2 class=\"elementor-heading-title elementor-size-default\">The vinification<\/h2>\t\t\t\t<\/div>\n\t\t\t\t<\/div>\n\t\t\t\t<div class=\"elementor-element elementor-element-100fb6b7 elementor-widget elementor-widget-heading\" data-id=\"100fb6b7\" data-element_type=\"widget\" data-widget_type=\"heading.default\">\n\t\t\t\t<div class=\"elementor-widget-container\">\n\t\t\t\t\t<p class=\"elementor-heading-title elementor-size-default\">Our winegrowers carefully select the best vineyards and produce the unique Rezbergh cuv\u00e9es from different grape varieties such as Auxerrois, Pinot Blanc, Pinot Gris, Chardonnay and Pinot Noir. Our cr\u00e9mants are based on healthy, aromatic grapes with refreshing acidity, carefully harvested by hand and pressed as whole bunches. Our Cr\u00e9mant is a quality sparkling wine at the highest level, with over 30 years of experience in the production of Cr\u00e9mant and the expertise of Charl\u00e8ne, cellar master from Champagne.<\/p>\t\t\t\t<\/div>\n\t\t\t\t<\/div>\n\t\t\t\t<\/div>\n\t\t<div class=\"elementor-element elementor-element-30009d16 e-con-full e-flex e-con e-child\" data-id=\"30009d16\" data-element_type=\"container\">\n\t\t\t\t<div class=\"elementor-element elementor-element-48d7a3a9 elementor-widget elementor-widget-image\" data-id=\"48d7a3a9\" data-element_type=\"widget\" data-widget_type=\"image.default\">\n\t\t\t\t<div class=\"elementor-widget-container\">\n\t\t\t\t\t\t\t\t\t\t\t\t\t\t\t<img loading=\"lazy\" decoding=\"async\" width=\"1377\" height=\"1536\" src=\"https:\/\/www.rezbergh.lu\/wp-content\/uploads\/2024\/08\/Unbenannt-1-min-1377x1536.png\" class=\"attachment-1536x1536 size-1536x1536 wp-image-233\" alt=\"\" srcset=\"https:\/\/www.rezbergh.lu\/wp-content\/uploads\/2024\/08\/Unbenannt-1-min-1377x1536.png 1377w, https:\/\/www.rezbergh.lu\/wp-content\/uploads\/2024\/08\/Unbenannt-1-min-600x669.png 600w, https:\/\/www.rezbergh.lu\/wp-content\/uploads\/2024\/08\/Unbenannt-1-min-269x300.png 269w, https:\/\/www.rezbergh.lu\/wp-content\/uploads\/2024\/08\/Unbenannt-1-min-918x1024.png 918w, https:\/\/www.rezbergh.lu\/wp-content\/uploads\/2024\/08\/Unbenannt-1-min-768x857.png 768w, https:\/\/www.rezbergh.lu\/wp-content\/uploads\/2024\/08\/Unbenannt-1-min-1835x2048.png 1835w\" sizes=\"auto, (max-width: 1377px) 100vw, 1377px\" \/>\t\t\t\t\t\t\t\t\t\t\t\t\t\t\t<\/div>\n\t\t\t\t<\/div>\n\t\t\t\t<\/div>\n\t\t\t\t\t<\/div>\n\t\t\t\t<\/div>\n\t\t<div class=\"elementor-element elementor-element-3fd34aa4 e-flex e-con-boxed e-con e-parent\" data-id=\"3fd34aa4\" data-element_type=\"container\" data-settings=\"{&quot;background_background&quot;:&quot;classic&quot;}\">\n\t\t\t\t\t<div class=\"e-con-inner\">\n\t\t<div class=\"elementor-element elementor-element-5e5343c2 e-con-full e-flex e-con e-child\" data-id=\"5e5343c2\" data-element_type=\"container\">\n\t\t\t\t<div class=\"elementor-element elementor-element-6f456cdd elementor-widget elementor-widget-heading\" data-id=\"6f456cdd\" data-element_type=\"widget\" data-widget_type=\"heading.default\">\n\t\t\t\t<div class=\"elementor-widget-container\">\n\t\t\t\t\t<h2 class=\"elementor-heading-title elementor-size-default\">The Rezbergh Charter<\/h2>\t\t\t\t<\/div>\n\t\t\t\t<\/div>\n\t\t\t\t<div class=\"elementor-element elementor-element-7ff80850 elementor-widget elementor-widget-heading\" data-id=\"7ff80850\" data-element_type=\"widget\" data-widget_type=\"heading.default\">\n\t\t\t\t<div class=\"elementor-widget-container\">\n\t\t\t\t\t<p class=\"elementor-heading-title elementor-size-default\">Every vintage of Rezbergh is subject to strict quality requirements from the vineyard to the finished cr\u00e9mant. Seamless quality management guarantees consistently high standards - so there will be less, more or no Rezbergh in different vintages.<\/p>\t\t\t\t<\/div>\n\t\t\t\t<\/div>\n\t\t\t\t<div class=\"elementor-element elementor-element-37bc9d03 elementor-icon-list--layout-traditional elementor-list-item-link-full_width elementor-widget elementor-widget-icon-list\" data-id=\"37bc9d03\" data-element_type=\"widget\" data-widget_type=\"icon-list.default\">\n\t\t\t\t<div class=\"elementor-widget-container\">\n\t\t\t\t\t\t\t<ul class=\"elementor-icon-list-items\">\n\t\t\t\t\t\t\t<li class=\"elementor-icon-list-item\">\n\t\t\t\t\t\t\t\t\t\t\t<span class=\"elementor-icon-list-icon\">\n\t\t\t\t\t\t\t<svg aria-hidden=\"true\" class=\"e-font-icon-svg e-fas-chevron-right\" viewbox=\"0 0 320 512\" xmlns=\"http:\/\/www.w3.org\/2000\/svg\"><path d=\"M285.476 272.971L91.132 467.314c-9.373 9.373-24.569 9.373-33.941 0l-22.667-22.667c-9.357-9.357-9.375-24.522-.04-33.901L188.505 256 34.484 101.255c-9.335-9.379-9.317-24.544.04-33.901l22.667-22.667c9.373-9.373 24.569-9.373 33.941 0L285.475 239.03c9.373 9.372 9.373 24.568.001 33.941z\"><\/path><\/svg>\t\t\t\t\t\t<\/span>\n\t\t\t\t\t\t\t\t\t\t<span class=\"elementor-icon-list-text\">Best sites, loose-berried planting, more vines per area, only healthy grapes, selection on the vine and hand-picking<\/span>\n\t\t\t\t\t\t\t\t\t<\/li>\n\t\t\t\t\t\t\t\t<li class=\"elementor-icon-list-item\">\n\t\t\t\t\t\t\t\t\t\t\t<span class=\"elementor-icon-list-icon\">\n\t\t\t\t\t\t\t<svg aria-hidden=\"true\" class=\"e-font-icon-svg e-fas-chevron-right\" viewbox=\"0 0 320 512\" xmlns=\"http:\/\/www.w3.org\/2000\/svg\"><path d=\"M285.476 272.971L91.132 467.314c-9.373 9.373-24.569 9.373-33.941 0l-22.667-22.667c-9.357-9.357-9.375-24.522-.04-33.901L188.505 256 34.484 101.255c-9.335-9.379-9.317-24.544.04-33.901l22.667-22.667c9.373-9.373 24.569-9.373 33.941 0L285.475 239.03c9.373 9.372 9.373 24.568.001 33.941z\"><\/path><\/svg>\t\t\t\t\t\t<\/span>\n\t\t\t\t\t\t\t\t\t\t<span class=\"elementor-icon-list-text\">24 months on the lees for Brut and Ros\u00e9, 60 months for Blanc de Blancs (instead of 9 months as prescribed for Cr\u00e9mant de Luxembourg)<\/span>\n\t\t\t\t\t\t\t\t\t<\/li>\n\t\t\t\t\t\t\t\t<li class=\"elementor-icon-list-item\">\n\t\t\t\t\t\t\t\t\t\t\t<span class=\"elementor-icon-list-icon\">\n\t\t\t\t\t\t\t<svg aria-hidden=\"true\" class=\"e-font-icon-svg e-fas-chevron-right\" viewbox=\"0 0 320 512\" xmlns=\"http:\/\/www.w3.org\/2000\/svg\"><path d=\"M285.476 272.971L91.132 467.314c-9.373 9.373-24.569 9.373-33.941 0l-22.667-22.667c-9.357-9.357-9.375-24.522-.04-33.901L188.505 256 34.484 101.255c-9.335-9.379-9.317-24.544.04-33.901l22.667-22.667c9.373-9.373 24.569-9.373 33.941 0L285.475 239.03c9.373 9.372 9.373 24.568.001 33.941z\"><\/path><\/svg>\t\t\t\t\t\t<\/span>\n\t\t\t\t\t\t\t\t\t\t<span class=\"elementor-icon-list-text\">Flavour consistently meets the international standards developed by the team together with master sommeliers<\/span>\n\t\t\t\t\t\t\t\t\t<\/li>\n\t\t\t\t\t\t\t\t<li class=\"elementor-icon-list-item\">\n\t\t\t\t\t\t\t\t\t\t\t<span class=\"elementor-icon-list-icon\">\n\t\t\t\t\t\t\t<svg aria-hidden=\"true\" class=\"e-font-icon-svg e-fas-chevron-right\" viewbox=\"0 0 320 512\" xmlns=\"http:\/\/www.w3.org\/2000\/svg\"><path d=\"M285.476 272.971L91.132 467.314c-9.373 9.373-24.569 9.373-33.941 0l-22.667-22.667c-9.357-9.357-9.375-24.522-.04-33.901L188.505 256 34.484 101.255c-9.335-9.379-9.317-24.544.04-33.901l22.667-22.667c9.373-9.373 24.569-9.373 33.941 0L285.475 239.03c9.373 9.372 9.373 24.568.001 33.941z\"><\/path><\/svg>\t\t\t\t\t\t<\/span>\n\t\t\t\t\t\t\t\t\t\t<span class=\"elementor-icon-list-text\">Only outstanding base wines are blended into exceptional cuv\u00e9es<\/span>\n\t\t\t\t\t\t\t\t\t<\/li>\n\t\t\t\t\t\t\t\t<li class=\"elementor-icon-list-item\">\n\t\t\t\t\t\t\t\t\t\t\t<span class=\"elementor-icon-list-icon\">\n\t\t\t\t\t\t\t<svg aria-hidden=\"true\" class=\"e-font-icon-svg e-fas-chevron-right\" viewbox=\"0 0 320 512\" xmlns=\"http:\/\/www.w3.org\/2000\/svg\"><path d=\"M285.476 272.971L91.132 467.314c-9.373 9.373-24.569 9.373-33.941 0l-22.667-22.667c-9.357-9.357-9.375-24.522-.04-33.901L188.505 256 34.484 101.255c-9.335-9.379-9.317-24.544.04-33.901l22.667-22.667c9.373-9.373 24.569-9.373 33.941 0L285.475 239.03c9.373 9.372 9.373 24.568.001 33.941z\"><\/path><\/svg>\t\t\t\t\t\t<\/span>\n\t\t\t\t\t\t\t\t\t\t<span class=\"elementor-icon-list-text\">Well-balanced dosage that defines the basic flavour<\/span>\n\t\t\t\t\t\t\t\t\t<\/li>\n\t\t\t\t\t\t\t\t<li class=\"elementor-icon-list-item\">\n\t\t\t\t\t\t\t\t\t\t\t<span class=\"elementor-icon-list-icon\">\n\t\t\t\t\t\t\t<svg aria-hidden=\"true\" class=\"e-font-icon-svg e-fas-chevron-right\" viewbox=\"0 0 320 512\" xmlns=\"http:\/\/www.w3.org\/2000\/svg\"><path d=\"M285.476 272.971L91.132 467.314c-9.373 9.373-24.569 9.373-33.941 0l-22.667-22.667c-9.357-9.357-9.375-24.522-.04-33.901L188.505 256 34.484 101.255c-9.335-9.379-9.317-24.544.04-33.901l22.667-22.667c9.373-9.373 24.569-9.373 33.941 0L285.475 239.03c9.373 9.372 9.373 24.568.001 33.941z\"><\/path><\/svg>\t\t\t\t\t\t<\/span>\n\t\t\t\t\t\t\t\t\t\t<span class=\"elementor-icon-list-text\">Particularly fine perlage<\/span>\n\t\t\t\t\t\t\t\t\t<\/li>\n\t\t\t\t\t\t\t\t<li class=\"elementor-icon-list-item\">\n\t\t\t\t\t\t\t\t\t\t\t<span class=\"elementor-icon-list-icon\">\n\t\t\t\t\t\t\t<svg aria-hidden=\"true\" class=\"e-font-icon-svg e-fas-chevron-right\" viewbox=\"0 0 320 512\" xmlns=\"http:\/\/www.w3.org\/2000\/svg\"><path d=\"M285.476 272.971L91.132 467.314c-9.373 9.373-24.569 9.373-33.941 0l-22.667-22.667c-9.357-9.357-9.375-24.522-.04-33.901L188.505 256 34.484 101.255c-9.335-9.379-9.317-24.544.04-33.901l22.667-22.667c9.373-9.373 24.569-9.373 33.941 0L285.475 239.03c9.373 9.372 9.373 24.568.001 33.941z\"><\/path><\/svg>\t\t\t\t\t\t<\/span>\n\t\t\t\t\t\t\t\t\t\t<span class=\"elementor-icon-list-text\">Traditional bottle fermentation, the second of which at a not too high temperature<\/span>\n\t\t\t\t\t\t\t\t\t<\/li>\n\t\t\t\t\t\t<\/ul>\n\t\t\t\t\t\t<\/div>\n\t\t\t\t<\/div>\n\t\t\t\t<\/div>\n\t\t\t\t\t<\/div>\n\t\t\t\t<\/div>\n\t\t\t\t<\/div>","protected":false},"excerpt":{"rendered":"<p>Welcome to Maison Rezbergh, a wine country that has many qualities and exclusive promises in its very name: Value, continuity, splendour and abundance Wine connoisseurs are looking for extraordinary stories, discoveries and experiences with substance. With origin and future, diversity and originality, with meaning and truth, but also rough edges The country was already described in 350 AD [...].<\/p>","protected":false},"author":2,"featured_media":0,"parent":0,"menu_order":0,"comment_status":"closed","ping_status":"closed","template":"","meta":{"footnotes":""},"class_list":["post-121","page","type-page","status-publish","hentry"],"_links":{"self":[{"href":"https:\/\/www.rezbergh.lu\/en\/wp-json\/wp\/v2\/pages\/121","targetHints":{"allow":["GET"]}}],"collection":[{"href":"https:\/\/www.rezbergh.lu\/en\/wp-json\/wp\/v2\/pages"}],"about":[{"href":"https:\/\/www.rezbergh.lu\/en\/wp-json\/wp\/v2\/types\/page"}],"author":[{"embeddable":true,"href":"https:\/\/www.rezbergh.lu\/en\/wp-json\/wp\/v2\/users\/2"}],"replies":[{"embeddable":true,"href":"https:\/\/www.rezbergh.lu\/en\/wp-json\/wp\/v2\/comments?post=121"}],"version-history":[{"count":33,"href":"https:\/\/www.rezbergh.lu\/en\/wp-json\/wp\/v2\/pages\/121\/revisions"}],"predecessor-version":[{"id":3179,"href":"https:\/\/www.rezbergh.lu\/en\/wp-json\/wp\/v2\/pages\/121\/revisions\/3179"}],"wp:attachment":[{"href":"https:\/\/www.rezbergh.lu\/en\/wp-json\/wp\/v2\/media?parent=121"}],"curies":[{"name":"wp","href":"https:\/\/api.w.org\/{rel}","templated":true}]}}