{"id":121,"date":"2024-08-20T23:28:49","date_gmt":"2024-08-20T21:28:49","guid":{"rendered":"https:\/\/rezbergh.web-cms.io\/?page_id=121"},"modified":"2025-07-26T18:40:12","modified_gmt":"2025-07-26T16:40:12","slug":"maison","status":"publish","type":"page","link":"https:\/\/www.rezbergh.lu\/fr\/maison\/","title":{"rendered":"Maison"},"content":{"rendered":"<div data-elementor-type=\"wp-page\" data-elementor-id=\"121\" class=\"elementor elementor-121\" data-elementor-post-type=\"page\">\n\t\t\t\t<div class=\"elementor-element elementor-element-3cc7f714 e-con-full e-flex e-con e-parent\" data-id=\"3cc7f714\" data-element_type=\"container\" data-settings=\"{&quot;background_background&quot;:&quot;classic&quot;}\">\n\t\t\t\t<div class=\"elementor-element elementor-element-561a84e6 elementor-widget elementor-widget-heading\" data-id=\"561a84e6\" data-element_type=\"widget\" data-widget_type=\"heading.default\">\n\t\t\t\t<div class=\"elementor-widget-container\">\n\t\t\t\t\t<h2 class=\"elementor-heading-title elementor-size-default\">Bienvenue \u00e0 la Maison Rezbergh<\/h2>\t\t\t\t<\/div>\n\t\t\t\t<\/div>\n\t\t\t\t<\/div>\n\t\t<div class=\"elementor-element elementor-element-2dda1249 e-flex e-con-boxed e-con e-parent\" data-id=\"2dda1249\" data-element_type=\"container\" data-settings=\"{&quot;background_background&quot;:&quot;classic&quot;}\">\n\t\t\t\t\t<div class=\"e-con-inner\">\n\t\t\t\t<div class=\"elementor-element elementor-element-7f6d7e12 elementor-hidden-desktop elementor-hidden-tablet elementor-hidden-mobile elementor-widget elementor-widget-heading\" data-id=\"7f6d7e12\" data-element_type=\"widget\" data-widget_type=\"heading.default\">\n\t\t\t\t<div class=\"elementor-widget-container\">\n\t\t\t\t\t<h3 class=\"elementor-heading-title elementor-size-default\">un pays viticole qui a de nombreuses qualit\u00e9s et des promesses exclusives dans son nom m\u00eame : Valeur, p\u00e9rennit\u00e9, \u00e9clat et pl\u00e9nitude<\/h3>\t\t\t\t<\/div>\n\t\t\t\t<\/div>\n\t\t\t\t<div class=\"elementor-element elementor-element-30acf782 elementor-widget elementor-widget-heading\" data-id=\"30acf782\" data-element_type=\"widget\" data-widget_type=\"heading.default\">\n\t\t\t\t<div class=\"elementor-widget-container\">\n\t\t\t\t\t<h3 class=\"elementor-heading-title elementor-size-default\">Les connaisseurs de vin recherchent des histoires, des d\u00e9couvertes et des exp\u00e9riences extraordinaires avec de la substance. Avec des origines et de l'avenir, de la diversit\u00e9 et de l'originalit\u00e9, de la signification et de la v\u00e9rit\u00e9, mais aussi des angles et des ar\u00eates.<\/h3>\t\t\t\t<\/div>\n\t\t\t\t<\/div>\n\t\t\t\t\t<\/div>\n\t\t\t\t<\/div>\n\t\t<div class=\"elementor-element elementor-element-405eed0a e-flex e-con-boxed e-con e-parent\" data-id=\"405eed0a\" data-element_type=\"container\" data-settings=\"{&quot;background_background&quot;:&quot;classic&quot;}\">\n\t\t\t\t\t<div class=\"e-con-inner\">\n\t\t<div class=\"elementor-element elementor-element-72896690 e-con-full e-flex e-con e-child\" data-id=\"72896690\" data-element_type=\"container\">\n\t\t\t\t<div class=\"elementor-element elementor-element-29701216 elementor-widget elementor-widget-heading\" data-id=\"29701216\" data-element_type=\"widget\" data-widget_type=\"heading.default\">\n\t\t\t\t<div class=\"elementor-widget-container\">\n\t\t\t\t\t<h2 class=\"elementor-heading-title elementor-size-default\">Le pays<\/h2>\t\t\t\t<\/div>\n\t\t\t\t<\/div>\n\t\t\t\t<div class=\"elementor-element elementor-element-7bf2cfe3 elementor-widget elementor-widget-heading\" data-id=\"7bf2cfe3\" data-element_type=\"widget\" data-widget_type=\"heading.default\">\n\t\t\t\t<div class=\"elementor-widget-container\">\n\t\t\t\t\t<p class=\"elementor-heading-title elementor-size-default\">D\u00e9j\u00e0 en 350 apr\u00e8s J.-C., le po\u00e8te romain Ausonius d\u00e9crivait comment des parcelles situ\u00e9es en altitude sur les coteaux des rives de la Moselle luxembourgeoise \u00e9taient plant\u00e9es de ceps de vigne. Une v\u00e9ritable tradition, un terroir unique, une passion prononc\u00e9e pour le vin - tout est l\u00e0 au Luxembourg. Et nous poursuivons cette histoire en la r\u00e9\u00e9crivant. C\u00e9l\u00e8bre dans le monde entier comme l'une des plus importantes places financi\u00e8res du monde. Mais aussi pays viticole traditionnel et l'un des rares de l'UE \u00e0 avoir un ministre de la Viticulture. La qualit\u00e9, les terroirs uniques et, last but not least, la diversit\u00e9 des c\u00e9pages sur un espace restreint sont uniques et incarnent ainsi en m\u00eame temps la diversit\u00e9 et l'ouverture au monde de la population, qui se compose \u00e0 plus de 47% d'habitants d'origines nationales et culturelles diverses issus de plus de 170 nations.<\/p>\t\t\t\t<\/div>\n\t\t\t\t<\/div>\n\t\t\t\t<\/div>\n\t\t<div class=\"elementor-element elementor-element-5311175e e-con-full e-flex e-con e-child\" data-id=\"5311175e\" data-element_type=\"container\">\n\t\t\t\t<div class=\"elementor-element elementor-element-1ddec424 elementor-widget elementor-widget-image\" data-id=\"1ddec424\" data-element_type=\"widget\" data-widget_type=\"image.default\">\n\t\t\t\t<div class=\"elementor-widget-container\">\n\t\t\t\t\t\t\t\t\t\t\t\t\t\t\t<img loading=\"lazy\" decoding=\"async\" width=\"1000\" height=\"1021\" src=\"https:\/\/www.rezbergh.lu\/wp-content\/uploads\/2025\/06\/5435-min.png\" class=\"attachment-1536x1536 size-1536x1536 wp-image-3018\" alt=\"\" srcset=\"https:\/\/www.rezbergh.lu\/wp-content\/uploads\/2025\/06\/5435-min.png 1000w, https:\/\/www.rezbergh.lu\/wp-content\/uploads\/2025\/06\/5435-min-294x300.png 294w, https:\/\/www.rezbergh.lu\/wp-content\/uploads\/2025\/06\/5435-min-768x784.png 768w, https:\/\/www.rezbergh.lu\/wp-content\/uploads\/2025\/06\/5435-min-12x12.png 12w, https:\/\/www.rezbergh.lu\/wp-content\/uploads\/2025\/06\/5435-min-600x613.png 600w\" sizes=\"auto, (max-width: 1000px) 100vw, 1000px\" \/>\t\t\t\t\t\t\t\t\t\t\t\t\t\t\t<\/div>\n\t\t\t\t<\/div>\n\t\t\t\t<\/div>\n\t\t\t\t\t<\/div>\n\t\t\t\t<\/div>\n\t\t<div class=\"elementor-element elementor-element-5706b7a2 e-flex e-con-boxed e-con e-parent\" data-id=\"5706b7a2\" data-element_type=\"container\" data-settings=\"{&quot;background_background&quot;:&quot;classic&quot;}\">\n\t\t\t\t\t<div class=\"e-con-inner\">\n\t\t<div class=\"elementor-element elementor-element-5c3beda9 e-con-full e-flex e-con e-child\" data-id=\"5c3beda9\" data-element_type=\"container\">\n\t\t\t\t<div class=\"elementor-element elementor-element-20c5bb6d elementor-widget elementor-widget-heading\" data-id=\"20c5bb6d\" data-element_type=\"widget\" data-widget_type=\"heading.default\">\n\t\t\t\t<div class=\"elementor-widget-container\">\n\t\t\t\t\t<h2 class=\"elementor-heading-title elementor-size-default\">Le terroir<\/h2>\t\t\t\t<\/div>\n\t\t\t\t<\/div>\n\t\t\t\t<div class=\"elementor-element elementor-element-538eb721 elementor-widget elementor-widget-heading\" data-id=\"538eb721\" data-element_type=\"widget\" data-widget_type=\"heading.default\">\n\t\t\t\t<div class=\"elementor-widget-container\">\n\t\t\t\t\t<p class=\"elementor-heading-title elementor-size-default\">Chaque mill\u00e9sime est un hommage aux sols uniques et au microclimat particulier de la Moselle, chaque gorg\u00e9e de leurs cuv\u00e9es raconte l'histoire de la tradition viticole du Luxembourg. Deux formations rocheuses diff\u00e9rentes caract\u00e9risent nos cr\u00e9mants : le keuper dans la r\u00e9gion de Schengen et le calcaire coquillier dans le canton de Grevenmacher. C'est avec le plus grand soin que nos vignerons s\u00e9lectionnent les meilleurs terroirs du sud et de l'ouest pour Rezbergh.<\/p>\t\t\t\t<\/div>\n\t\t\t\t<\/div>\n\t\t\t\t<\/div>\n\t\t<div class=\"elementor-element elementor-element-a6f7272 e-con-full e-flex e-con e-child\" data-id=\"a6f7272\" data-element_type=\"container\">\n\t\t\t\t<div class=\"elementor-element elementor-element-3aab4a1c elementor-widget elementor-widget-image\" data-id=\"3aab4a1c\" data-element_type=\"widget\" data-widget_type=\"image.default\">\n\t\t\t\t<div class=\"elementor-widget-container\">\n\t\t\t\t\t\t\t\t\t\t\t\t\t\t\t<img loading=\"lazy\" decoding=\"async\" width=\"1000\" height=\"1021\" src=\"https:\/\/www.rezbergh.lu\/wp-content\/uploads\/2025\/07\/maison-section2-1.png\" class=\"attachment-1536x1536 size-1536x1536 wp-image-3159\" alt=\"\" srcset=\"https:\/\/www.rezbergh.lu\/wp-content\/uploads\/2025\/07\/maison-section2-1.png 1000w, https:\/\/www.rezbergh.lu\/wp-content\/uploads\/2025\/07\/maison-section2-1-294x300.png 294w, https:\/\/www.rezbergh.lu\/wp-content\/uploads\/2025\/07\/maison-section2-1-768x784.png 768w, https:\/\/www.rezbergh.lu\/wp-content\/uploads\/2025\/07\/maison-section2-1-12x12.png 12w, https:\/\/www.rezbergh.lu\/wp-content\/uploads\/2025\/07\/maison-section2-1-600x613.png 600w\" sizes=\"auto, (max-width: 1000px) 100vw, 1000px\" \/>\t\t\t\t\t\t\t\t\t\t\t\t\t\t\t<\/div>\n\t\t\t\t<\/div>\n\t\t\t\t<\/div>\n\t\t\t\t\t<\/div>\n\t\t\t\t<\/div>\n\t\t<div class=\"elementor-element elementor-element-150c828b e-flex e-con-boxed e-con e-parent\" data-id=\"150c828b\" data-element_type=\"container\" data-settings=\"{&quot;background_background&quot;:&quot;classic&quot;}\">\n\t\t\t\t\t<div class=\"e-con-inner\">\n\t\t<div class=\"elementor-element elementor-element-42301db5 e-con-full e-flex e-con e-child\" data-id=\"42301db5\" data-element_type=\"container\">\n\t\t\t\t<div class=\"elementor-element elementor-element-7a20a3e0 elementor-widget elementor-widget-heading\" data-id=\"7a20a3e0\" data-element_type=\"widget\" data-widget_type=\"heading.default\">\n\t\t\t\t<div class=\"elementor-widget-container\">\n\t\t\t\t\t<h2 class=\"elementor-heading-title elementor-size-default\">La vinification<\/h2>\t\t\t\t<\/div>\n\t\t\t\t<\/div>\n\t\t\t\t<div class=\"elementor-element elementor-element-100fb6b7 elementor-widget elementor-widget-heading\" data-id=\"100fb6b7\" data-element_type=\"widget\" data-widget_type=\"heading.default\">\n\t\t\t\t<div class=\"elementor-widget-container\">\n\t\t\t\t\t<p class=\"elementor-heading-title elementor-size-default\">Nos viticulteurs s\u00e9lectionnent avec soin les meilleurs vignobles et produisent les cuv\u00e9es uniques Rezbergh \u00e0 partir de diff\u00e9rents c\u00e9pages comme l'auxerrois, le pinot blanc, le pinot gris, le chardonnay et le pinot noir. La base de notre cr\u00e9mant est constitu\u00e9e de raisins sains et aromatiques \u00e0 l'acidit\u00e9 rafra\u00eechissante, soigneusement vendang\u00e9s \u00e0 la main et press\u00e9s en grappes enti\u00e8res. Notre cr\u00e9mant est un vin mousseux de qualit\u00e9 au plus haut niveau, avec plus de 30 ans d'exp\u00e9rience dans la production de cr\u00e9mant et l'expertise de Charl\u00e8ne, ma\u00eetre de chai champenoise.<\/p>\t\t\t\t<\/div>\n\t\t\t\t<\/div>\n\t\t\t\t<\/div>\n\t\t<div class=\"elementor-element elementor-element-30009d16 e-con-full e-flex e-con e-child\" data-id=\"30009d16\" data-element_type=\"container\">\n\t\t\t\t<div class=\"elementor-element elementor-element-48d7a3a9 elementor-widget elementor-widget-image\" data-id=\"48d7a3a9\" data-element_type=\"widget\" data-widget_type=\"image.default\">\n\t\t\t\t<div class=\"elementor-widget-container\">\n\t\t\t\t\t\t\t\t\t\t\t\t\t\t\t<img loading=\"lazy\" decoding=\"async\" width=\"1377\" height=\"1536\" src=\"https:\/\/www.rezbergh.lu\/wp-content\/uploads\/2024\/08\/Unbenannt-1-min-1377x1536.png\" class=\"attachment-1536x1536 size-1536x1536 wp-image-233\" alt=\"\" srcset=\"https:\/\/www.rezbergh.lu\/wp-content\/uploads\/2024\/08\/Unbenannt-1-min-1377x1536.png 1377w, https:\/\/www.rezbergh.lu\/wp-content\/uploads\/2024\/08\/Unbenannt-1-min-600x669.png 600w, https:\/\/www.rezbergh.lu\/wp-content\/uploads\/2024\/08\/Unbenannt-1-min-269x300.png 269w, https:\/\/www.rezbergh.lu\/wp-content\/uploads\/2024\/08\/Unbenannt-1-min-918x1024.png 918w, https:\/\/www.rezbergh.lu\/wp-content\/uploads\/2024\/08\/Unbenannt-1-min-768x857.png 768w, https:\/\/www.rezbergh.lu\/wp-content\/uploads\/2024\/08\/Unbenannt-1-min-1835x2048.png 1835w\" sizes=\"auto, (max-width: 1377px) 100vw, 1377px\" \/>\t\t\t\t\t\t\t\t\t\t\t\t\t\t\t<\/div>\n\t\t\t\t<\/div>\n\t\t\t\t<\/div>\n\t\t\t\t\t<\/div>\n\t\t\t\t<\/div>\n\t\t<div class=\"elementor-element elementor-element-3fd34aa4 e-flex e-con-boxed e-con e-parent\" data-id=\"3fd34aa4\" data-element_type=\"container\" data-settings=\"{&quot;background_background&quot;:&quot;classic&quot;}\">\n\t\t\t\t\t<div class=\"e-con-inner\">\n\t\t<div class=\"elementor-element elementor-element-5e5343c2 e-con-full e-flex e-con e-child\" data-id=\"5e5343c2\" data-element_type=\"container\">\n\t\t\t\t<div class=\"elementor-element elementor-element-6f456cdd elementor-widget elementor-widget-heading\" data-id=\"6f456cdd\" data-element_type=\"widget\" data-widget_type=\"heading.default\">\n\t\t\t\t<div class=\"elementor-widget-container\">\n\t\t\t\t\t<h2 class=\"elementor-heading-title elementor-size-default\">La charte Rezbergh<\/h2>\t\t\t\t<\/div>\n\t\t\t\t<\/div>\n\t\t\t\t<div class=\"elementor-element elementor-element-7ff80850 elementor-widget elementor-widget-heading\" data-id=\"7ff80850\" data-element_type=\"widget\" data-widget_type=\"heading.default\">\n\t\t\t\t<div class=\"elementor-widget-container\">\n\t\t\t\t\t<p class=\"elementor-heading-title elementor-size-default\">Chaque mill\u00e9sime de Rezbergh est soumis \u00e0 des exigences de qualit\u00e9 strictes, du vignoble au cr\u00e9mant fini. Une gestion de la qualit\u00e9 sans faille garantit des normes \u00e9lev\u00e9es et constantes - ainsi, selon les mill\u00e9simes, il y aura moins, plus ou pas de Rezbergh.<\/p>\t\t\t\t<\/div>\n\t\t\t\t<\/div>\n\t\t\t\t<div class=\"elementor-element elementor-element-37bc9d03 elementor-icon-list--layout-traditional elementor-list-item-link-full_width elementor-widget elementor-widget-icon-list\" data-id=\"37bc9d03\" data-element_type=\"widget\" data-widget_type=\"icon-list.default\">\n\t\t\t\t<div class=\"elementor-widget-container\">\n\t\t\t\t\t\t\t<ul class=\"elementor-icon-list-items\">\n\t\t\t\t\t\t\t<li class=\"elementor-icon-list-item\">\n\t\t\t\t\t\t\t\t\t\t\t<span class=\"elementor-icon-list-icon\">\n\t\t\t\t\t\t\t<svg aria-hidden=\"true\" class=\"e-font-icon-svg e-fas-chevron-right\" viewbox=\"0 0 320 512\" xmlns=\"http:\/\/www.w3.org\/2000\/svg\"><path d=\"M285.476 272.971L91.132 467.314c-9.373 9.373-24.569 9.373-33.941 0l-22.667-22.667c-9.357-9.357-9.375-24.522-.04-33.901L188.505 256 34.484 101.255c-9.335-9.379-9.317-24.544.04-33.901l22.667-22.667c9.373-9.373 24.569-9.373 33.941 0L285.475 239.03c9.373 9.372 9.373 24.568.001 33.941z\"><\/path><\/svg>\t\t\t\t\t\t<\/span>\n\t\t\t\t\t\t\t\t\t\t<span class=\"elementor-icon-list-text\">Meilleures expositions, plantation \u00e0 grains l\u00e2ches, plus de ceps par surface, uniquement des raisins sains, s\u00e9lection sur pied et vendanges manuelles<\/span>\n\t\t\t\t\t\t\t\t\t<\/li>\n\t\t\t\t\t\t\t\t<li class=\"elementor-icon-list-item\">\n\t\t\t\t\t\t\t\t\t\t\t<span class=\"elementor-icon-list-icon\">\n\t\t\t\t\t\t\t<svg aria-hidden=\"true\" class=\"e-font-icon-svg e-fas-chevron-right\" viewbox=\"0 0 320 512\" xmlns=\"http:\/\/www.w3.org\/2000\/svg\"><path d=\"M285.476 272.971L91.132 467.314c-9.373 9.373-24.569 9.373-33.941 0l-22.667-22.667c-9.357-9.357-9.375-24.522-.04-33.901L188.505 256 34.484 101.255c-9.335-9.379-9.317-24.544.04-33.901l22.667-22.667c9.373-9.373 24.569-9.373 33.941 0L285.475 239.03c9.373 9.372 9.373 24.568.001 33.941z\"><\/path><\/svg>\t\t\t\t\t\t<\/span>\n\t\t\t\t\t\t\t\t\t\t<span class=\"elementor-icon-list-text\">24 mois de maturation en levures pour le Brut et le Ros\u00e9, 60 mois pour le Blanc de Blancs (au lieu de 9 mois, comme prescrit pour le Cr\u00e9mant de Luxembourg)<\/span>\n\t\t\t\t\t\t\t\t\t<\/li>\n\t\t\t\t\t\t\t\t<li class=\"elementor-icon-list-item\">\n\t\t\t\t\t\t\t\t\t\t\t<span class=\"elementor-icon-list-icon\">\n\t\t\t\t\t\t\t<svg aria-hidden=\"true\" class=\"e-font-icon-svg e-fas-chevron-right\" viewbox=\"0 0 320 512\" xmlns=\"http:\/\/www.w3.org\/2000\/svg\"><path d=\"M285.476 272.971L91.132 467.314c-9.373 9.373-24.569 9.373-33.941 0l-22.667-22.667c-9.357-9.357-9.375-24.522-.04-33.901L188.505 256 34.484 101.255c-9.335-9.379-9.317-24.544.04-33.901l22.667-22.667c9.373-9.373 24.569-9.373 33.941 0L285.475 239.03c9.373 9.372 9.373 24.568.001 33.941z\"><\/path><\/svg>\t\t\t\t\t\t<\/span>\n\t\t\t\t\t\t\t\t\t\t<span class=\"elementor-icon-list-text\">Le go\u00fbt correspond constamment aux normes internationales d\u00e9velopp\u00e9es par l'\u00e9quipe en collaboration avec des ma\u00eetres sommeliers.<\/span>\n\t\t\t\t\t\t\t\t\t<\/li>\n\t\t\t\t\t\t\t\t<li class=\"elementor-icon-list-item\">\n\t\t\t\t\t\t\t\t\t\t\t<span class=\"elementor-icon-list-icon\">\n\t\t\t\t\t\t\t<svg aria-hidden=\"true\" class=\"e-font-icon-svg e-fas-chevron-right\" viewbox=\"0 0 320 512\" xmlns=\"http:\/\/www.w3.org\/2000\/svg\"><path d=\"M285.476 272.971L91.132 467.314c-9.373 9.373-24.569 9.373-33.941 0l-22.667-22.667c-9.357-9.357-9.375-24.522-.04-33.901L188.505 256 34.484 101.255c-9.335-9.379-9.317-24.544.04-33.901l22.667-22.667c9.373-9.373 24.569-9.373 33.941 0L285.475 239.03c9.373 9.372 9.373 24.568.001 33.941z\"><\/path><\/svg>\t\t\t\t\t\t<\/span>\n\t\t\t\t\t\t\t\t\t\t<span class=\"elementor-icon-list-text\">Seuls des vins de base exceptionnels sont assembl\u00e9s en cuv\u00e9es extraordinaires<\/span>\n\t\t\t\t\t\t\t\t\t<\/li>\n\t\t\t\t\t\t\t\t<li class=\"elementor-icon-list-item\">\n\t\t\t\t\t\t\t\t\t\t\t<span class=\"elementor-icon-list-icon\">\n\t\t\t\t\t\t\t<svg aria-hidden=\"true\" class=\"e-font-icon-svg e-fas-chevron-right\" viewbox=\"0 0 320 512\" xmlns=\"http:\/\/www.w3.org\/2000\/svg\"><path d=\"M285.476 272.971L91.132 467.314c-9.373 9.373-24.569 9.373-33.941 0l-22.667-22.667c-9.357-9.357-9.375-24.522-.04-33.901L188.505 256 34.484 101.255c-9.335-9.379-9.317-24.544.04-33.901l22.667-22.667c9.373-9.373 24.569-9.373 33.941 0L285.475 239.03c9.373 9.372 9.373 24.568.001 33.941z\"><\/path><\/svg>\t\t\t\t\t\t<\/span>\n\t\t\t\t\t\t\t\t\t\t<span class=\"elementor-icon-list-text\">Dosage bien dos\u00e9 qui d\u00e9termine l'ar\u00f4me de base<\/span>\n\t\t\t\t\t\t\t\t\t<\/li>\n\t\t\t\t\t\t\t\t<li class=\"elementor-icon-list-item\">\n\t\t\t\t\t\t\t\t\t\t\t<span class=\"elementor-icon-list-icon\">\n\t\t\t\t\t\t\t<svg aria-hidden=\"true\" class=\"e-font-icon-svg e-fas-chevron-right\" viewbox=\"0 0 320 512\" xmlns=\"http:\/\/www.w3.org\/2000\/svg\"><path d=\"M285.476 272.971L91.132 467.314c-9.373 9.373-24.569 9.373-33.941 0l-22.667-22.667c-9.357-9.357-9.375-24.522-.04-33.901L188.505 256 34.484 101.255c-9.335-9.379-9.317-24.544.04-33.901l22.667-22.667c9.373-9.373 24.569-9.373 33.941 0L285.475 239.03c9.373 9.372 9.373 24.568.001 33.941z\"><\/path><\/svg>\t\t\t\t\t\t<\/span>\n\t\t\t\t\t\t\t\t\t\t<span class=\"elementor-icon-list-text\">Perlage particuli\u00e8rement fin<\/span>\n\t\t\t\t\t\t\t\t\t<\/li>\n\t\t\t\t\t\t\t\t<li class=\"elementor-icon-list-item\">\n\t\t\t\t\t\t\t\t\t\t\t<span class=\"elementor-icon-list-icon\">\n\t\t\t\t\t\t\t<svg aria-hidden=\"true\" class=\"e-font-icon-svg e-fas-chevron-right\" viewbox=\"0 0 320 512\" xmlns=\"http:\/\/www.w3.org\/2000\/svg\"><path d=\"M285.476 272.971L91.132 467.314c-9.373 9.373-24.569 9.373-33.941 0l-22.667-22.667c-9.357-9.357-9.375-24.522-.04-33.901L188.505 256 34.484 101.255c-9.335-9.379-9.317-24.544.04-33.901l22.667-22.667c9.373-9.373 24.569-9.373 33.941 0L285.475 239.03c9.373 9.372 9.373 24.568.001 33.941z\"><\/path><\/svg>\t\t\t\t\t\t<\/span>\n\t\t\t\t\t\t\t\t\t\t<span class=\"elementor-icon-list-text\">Fermentation traditionnelle en bouteille, dont la deuxi\u00e8me \u00e0 une temp\u00e9rature pas trop \u00e9lev\u00e9e<\/span>\n\t\t\t\t\t\t\t\t\t<\/li>\n\t\t\t\t\t\t<\/ul>\n\t\t\t\t\t\t<\/div>\n\t\t\t\t<\/div>\n\t\t\t\t<\/div>\n\t\t\t\t\t<\/div>\n\t\t\t\t<\/div>\n\t\t\t\t<\/div>","protected":false},"excerpt":{"rendered":"<p>Willkommen in der Maison Rezbergh ein Weinland, das viele Qualit\u00e4ten hat und exklusive Versprechen schon im Namen: Wert, Bestand, Glanz und F\u00fclle Weinkenner suchen au\u00dfergew\u00f6hnliche Geschichten, Entdeckungen und Erlebnisse mit Substanz. Mit Herkunft und Zukunft, \u00fcber Vielfalt und Originalit\u00e4t, mit Bedeutung und Wahrheit, aber auch Ecken und Kanten Das Land Schon 350 n. Chr. beschrieb [&hellip;]<\/p>","protected":false},"author":2,"featured_media":0,"parent":0,"menu_order":0,"comment_status":"closed","ping_status":"closed","template":"","meta":{"footnotes":""},"class_list":["post-121","page","type-page","status-publish","hentry"],"_links":{"self":[{"href":"https:\/\/www.rezbergh.lu\/fr\/wp-json\/wp\/v2\/pages\/121","targetHints":{"allow":["GET"]}}],"collection":[{"href":"https:\/\/www.rezbergh.lu\/fr\/wp-json\/wp\/v2\/pages"}],"about":[{"href":"https:\/\/www.rezbergh.lu\/fr\/wp-json\/wp\/v2\/types\/page"}],"author":[{"embeddable":true,"href":"https:\/\/www.rezbergh.lu\/fr\/wp-json\/wp\/v2\/users\/2"}],"replies":[{"embeddable":true,"href":"https:\/\/www.rezbergh.lu\/fr\/wp-json\/wp\/v2\/comments?post=121"}],"version-history":[{"count":33,"href":"https:\/\/www.rezbergh.lu\/fr\/wp-json\/wp\/v2\/pages\/121\/revisions"}],"predecessor-version":[{"id":3179,"href":"https:\/\/www.rezbergh.lu\/fr\/wp-json\/wp\/v2\/pages\/121\/revisions\/3179"}],"wp:attachment":[{"href":"https:\/\/www.rezbergh.lu\/fr\/wp-json\/wp\/v2\/media?parent=121"}],"curies":[{"name":"wp","href":"https:\/\/api.w.org\/{rel}","templated":true}]}}