{"id":1293,"date":"2024-09-12T13:28:22","date_gmt":"2024-09-12T11:28:22","guid":{"rendered":"https:\/\/rezbergh.web-cms.io\/?page_id=1293"},"modified":"2024-09-13T11:34:39","modified_gmt":"2024-09-13T09:34:39","slug":"agb","status":"publish","type":"page","link":"https:\/\/www.rezbergh.lu\/fr\/agb\/","title":{"rendered":"CGV"},"content":{"rendered":"<div data-elementor-type=\"wp-page\" data-elementor-id=\"1293\" class=\"elementor elementor-1293\" data-elementor-post-type=\"page\">\n\t\t\t\t<div class=\"elementor-element elementor-element-12bf5cc9 e-con-full e-flex e-con e-parent\" data-id=\"12bf5cc9\" data-element_type=\"container\" data-settings=\"{&quot;background_background&quot;:&quot;classic&quot;}\">\n\t\t\t\t<div class=\"elementor-element elementor-element-4c053123 elementor-widget elementor-widget-heading\" data-id=\"4c053123\" data-element_type=\"widget\" data-widget_type=\"heading.default\">\n\t\t\t\t<div class=\"elementor-widget-container\">\n\t\t\t\t\t<h2 class=\"elementor-heading-title elementor-size-default\">Conditions g\u00e9n\u00e9rales de vente<\/h2>\t\t\t\t<\/div>\n\t\t\t\t<\/div>\n\t\t\t\t<\/div>\n\t\t<div class=\"elementor-element elementor-element-4ab1867 e-flex e-con-boxed e-con e-parent\" data-id=\"4ab1867\" data-element_type=\"container\" data-settings=\"{&quot;background_background&quot;:&quot;classic&quot;}\">\n\t\t\t\t\t<div class=\"e-con-inner\">\n\t\t<div class=\"elementor-element elementor-element-dd93cde e-flex e-con-boxed e-con e-child\" data-id=\"dd93cde\" data-element_type=\"container\" data-settings=\"{&quot;background_background&quot;:&quot;classic&quot;}\">\n\t\t\t\t\t<div class=\"e-con-inner\">\n\t\t\t\t<div class=\"elementor-element elementor-element-8be83bc elementor-widget elementor-widget-text-editor\" data-id=\"8be83bc\" data-element_type=\"widget\" data-widget_type=\"text-editor.default\">\n\t\t\t\t<div class=\"elementor-widget-container\">\n\t\t\t\t\t\t\t\t\t<p><strong>Informations concernant la soci\u00e9t\u00e9 :<\/strong><\/p><p><span style=\"text-decoration: underline;\">Maison Rezbergh S.\u00e0.r.l.<\/span><\/p><p>12 route du vin - L-5450 - Stadtbredimus<br \/>T\u00e9l. : 23 69 66-1 <br \/>T\u00e9l\u00e9copieur : 23 69 91 89<br \/>Num\u00e9ro de TVA : LU 35438778<br \/>Registre du commerce : section B, N\u00b0 281 276, 2.11.2023<br \/>Autorisation minist\u00e9rielle de commerce : N\u00b0 10162410, 25.1.2024<br \/>Code NACE : 15.931<\/p><p><strong>Informations sur les livraisons :<\/strong><\/p><p>Nos prix sont indiqu\u00e9s en euros et incluent toutes les taxes l\u00e9gales du pays s\u00e9lectionn\u00e9.<\/p><p>La livraison au Grand-Duch\u00e9 de Luxembourg est effectu\u00e9e sans frais de port. Pour les livraisons dans les pays autres que le Grand-Duch\u00e9 de Luxembourg, les frais de livraison sont indiqu\u00e9s dans la section \"Boutique\".<\/p><p>Les produits propos\u00e9s sont livrables dans la limite de leur disponibilit\u00e9. La responsabilit\u00e9 de Maison Rezbergh S.\u00e0.r.l. ne saurait \u00eatre engag\u00e9e en cas de rupture de stock ou de stock limit\u00e9. Les photos ne sont pas contractuelles.<\/p><p>Maison Rezbergh S.\u00e0.r.l. utilise les services de P&amp;T (la poste luxembourgeoise), ainsi que DPD pour la livraison de ses marchandises. Les d\u00e9lais de livraison correspondent aux d\u00e9lais habituellement pratiqu\u00e9s par P&amp;T ou DPD et varient en fonction de la situation g\u00e9ographique du destinataire de la commande.<\/p><p>Les marchandises command\u00e9es et \u00e0 livrer au Grand-Duch\u00e9 de Luxembourg sont livr\u00e9es par les camionnettes de Maison Rezbergh S.\u00e0.r.l.<\/p><p><strong>Traitement des r\u00e9clamations :<\/strong><\/p><p>Toutes les r\u00e9clamations concernant les marchandises livr\u00e9es doivent \u00eatre adress\u00e9es \u00e0 Maison Rezbergh S.\u00e0.r.l. dans un d\u00e9lai de 8 jours \u00e0 compter de la r\u00e9ception de la livraison.<\/p><p>Les r\u00e9clamations sont trait\u00e9es dans un d\u00e9lai de 4 jours ouvrables.<\/p><p><span style=\"text-decoration: underline;\">En cas de r\u00e9clamation, veuillez vous adresser \u00e0 :<\/span><\/p><p>Maison Rezbergh S.\u00e0.r.l.<br \/>12 route du vin - L-5450 - Stadtbredimus<br \/>T\u00e9l. : 23 69 66-1<br \/>T\u00e9l\u00e9copieur : 23 69 91 89<br \/>Num\u00e9ro de TVA : LU 35438778<br \/>Registre du commerce : section B, N\u00b0 281 276, 2.11.2023<br \/>Autorisation minist\u00e9rielle de commerce : N\u00b0 10162410, 25.1.2024<br \/>Code NACE : 15.931<\/p><p>Veuillez indiquer le motif de votre r\u00e9clamation.<br \/>Si les articles livr\u00e9s ne correspondent pas \u00e0 ceux command\u00e9s (erreur sur la vari\u00e9t\u00e9 ou la classification officielle ou sur l'assortiment\/la marque), Maison Rezbergh S.\u00e0.r.l. livrera la commande correcte d\u00e8s r\u00e9ception de l'envoi erron\u00e9 (les frais de retour sont \u00e0 la charge de l'exp\u00e9diteur) ou paiera la diff\u00e9rence \u00e9ventuelle entre la commande erron\u00e9e et le montant de la commande qui aurait d\u00fb \u00eatre livr\u00e9e, si une preuve de l'erreur nous est envoy\u00e9e.<\/p><p>En cas de bouteilles cass\u00e9es, Maison Rezbergh S.\u00e0.r.l. renverra les articles sur base de preuves - \u00e0 fournir par le fournisseur - ou fera rembourser le montant des articles cass\u00e9s par CETREL (la soci\u00e9t\u00e9 de nos paiements en ligne), PayPal ou virement bancaire.<\/p><p><strong>Protection des donn\u00e9es et des informations personnelles :<\/strong><\/p><p>Maison Rezbergh S.\u00e0.r.l. ne communiquera \u00e0 des prestataires identifi\u00e9s (P&amp;T et DPD) que les informations strictement n\u00e9cessaires \u00e0 la bonne ex\u00e9cution de la commande.<\/p><p>Si vous avez rempli le formulaire \"Contactez-nous\" ou \"Newsletter\" sur notre site, la DVM s'engage \u00e0 utiliser vos donn\u00e9es personnelles exclusivement pour r\u00e9pondre \u00e0 votre demande et vous faire parvenir des informations sur la DVM.<\/p><p><strong>Donn\u00e9es confidentielles :<\/strong><\/p><p>Nous traitons vos donn\u00e9es personnelles comme des informations confidentielles que nous ne transmettons jamais \u00e0 des tiers.<\/p><p>En cas de commande, les donn\u00e9es du client sont enregistr\u00e9es sur le site Internet. Apr\u00e8s r\u00e9ception de la commande, elles sont enregistr\u00e9es parall\u00e8lement dans le syst\u00e8me de gestion de la Maison Rezbergh S.\u00e0.r.l. pour une dur\u00e9e illimit\u00e9e.<\/p><p><strong>la s\u00e9curit\u00e9 des paiements :<\/strong><\/p><p>Les paiements sont effectu\u00e9s en ligne par carte de cr\u00e9dit, PayPal ou virement bancaire \u00e0 l'attention de Maison Rezbergh S.\u00e0.r.l.. Les paiements par carte de cr\u00e9dit sont s\u00e9curis\u00e9s par la soci\u00e9t\u00e9 luxembourgeoise de cartes de cr\u00e9dit CETREL. De cette mani\u00e8re, Maison Rezbergh S.\u00e0.r.l. n'a \u00e0 aucun moment acc\u00e8s aux num\u00e9ros de carte de cr\u00e9dit de ses clients.<\/p><p><strong>utilisation du site Internet :<\/strong><\/p><p>Maison Rezbergh S.\u00e0.r.l. n'assume aucune responsabilit\u00e9 pour les dommages r\u00e9sultant d'une mauvaise utilisation des donn\u00e9es contenues dans ce site. Les prix et les mill\u00e9simes peuvent \u00eatre modifi\u00e9s p\u00e9riodiquement.<\/p><p>Maison Rezbergh S.\u00e0.r.l. n'assume aucune responsabilit\u00e9 pour les dommages caus\u00e9s par l'utilisation de ce site.<\/p><p>Toutes les photos, toutes les informations et tous les contenus graphiques de notre site sont la propri\u00e9t\u00e9 de Maison Rezbergh S.\u00e0.r.l. ou de leurs auteurs et propri\u00e9taires respectifs.<\/p><p><strong>Lois applicables et juridiction comp\u00e9tente :<\/strong><\/p><p>Les pr\u00e9sentes conditions g\u00e9n\u00e9rales de vente et d'exploitation sont soumises \u00e0 la juridiction luxembourgeoise.<\/p><p>Seul le tribunal comp\u00e9tent du si\u00e8ge social de Maison Rezbergh S.\u00e0.r.l. est comp\u00e9tent pour conna\u00eetre de tout litige r\u00e9sultant de l'application des pr\u00e9sentes conditions g\u00e9n\u00e9rales de vente.<\/p>\t\t\t\t\t\t\t\t<\/div>\n\t\t\t\t<\/div>\n\t\t\t\t\t<\/div>\n\t\t\t\t<\/div>\n\t\t\t\t\t<\/div>\n\t\t\t\t<\/div>\n\t\t\t\t<\/div>","protected":false},"excerpt":{"rendered":"<p>Allgemeine Gesch\u00e4ftsbedingungen Informationen betreffend die Gesellschaft: Maison Rezbergh S.\u00e0.r.l. 12 route du vin &#8211; L-5450 &#8211; StadtbredimusTel: 23 69 66-1 Fax: 23 69 91 89Mehrwertsteuernummer: LU 35438778Handelsregister: Abteilung B, N\u00b0 281 276, 2.11.2023Ministerielle Handelserm\u00e4chtigung: N\u00b0 10162410, 25.1.2024Code NACE: 15.931 Informationen zu den Lieferungen: Unsere Preise sind in Euro angegeben und enthalten alle gesetzlichen Steuern des [&hellip;]<\/p>","protected":false},"author":2,"featured_media":0,"parent":0,"menu_order":0,"comment_status":"closed","ping_status":"closed","template":"","meta":{"footnotes":""},"class_list":["post-1293","page","type-page","status-publish","hentry"],"_links":{"self":[{"href":"https:\/\/www.rezbergh.lu\/fr\/wp-json\/wp\/v2\/pages\/1293","targetHints":{"allow":["GET"]}}],"collection":[{"href":"https:\/\/www.rezbergh.lu\/fr\/wp-json\/wp\/v2\/pages"}],"about":[{"href":"https:\/\/www.rezbergh.lu\/fr\/wp-json\/wp\/v2\/types\/page"}],"author":[{"embeddable":true,"href":"https:\/\/www.rezbergh.lu\/fr\/wp-json\/wp\/v2\/users\/2"}],"replies":[{"embeddable":true,"href":"https:\/\/www.rezbergh.lu\/fr\/wp-json\/wp\/v2\/comments?post=1293"}],"version-history":[{"count":1,"href":"https:\/\/www.rezbergh.lu\/fr\/wp-json\/wp\/v2\/pages\/1293\/revisions"}],"predecessor-version":[{"id":3192,"href":"https:\/\/www.rezbergh.lu\/fr\/wp-json\/wp\/v2\/pages\/1293\/revisions\/3192"}],"wp:attachment":[{"href":"https:\/\/www.rezbergh.lu\/fr\/wp-json\/wp\/v2\/media?parent=1293"}],"curies":[{"name":"wp","href":"https:\/\/api.w.org\/{rel}","templated":true}]}}