{"id":2686,"date":"2025-06-08T13:59:01","date_gmt":"2025-06-08T11:59:01","guid":{"rendered":"https:\/\/www.rezbergh.lu\/?page_id=2686"},"modified":"2025-07-27T11:57:31","modified_gmt":"2025-07-27T09:57:31","slug":"team","status":"publish","type":"page","link":"https:\/\/www.rezbergh.lu\/fr\/team\/","title":{"rendered":"\u00c9quipe"},"content":{"rendered":"<div data-elementor-type=\"wp-page\" data-elementor-id=\"2686\" class=\"elementor elementor-2686\" data-elementor-post-type=\"page\">\n\t\t\t\t<div class=\"elementor-element elementor-element-6a661cf9 e-con-full e-flex e-con e-parent\" data-id=\"6a661cf9\" data-element_type=\"container\" data-settings=\"{&quot;background_background&quot;:&quot;classic&quot;}\">\n\t\t\t\t<div class=\"elementor-element elementor-element-50b5555b elementor-widget elementor-widget-heading\" data-id=\"50b5555b\" data-element_type=\"widget\" data-widget_type=\"heading.default\">\n\t\t\t\t<div class=\"elementor-widget-container\">\n\t\t\t\t\t<h2 class=\"elementor-heading-title elementor-size-default\">Au c\u0153ur de la qualit\u00e9 du vin luxembourgeois<\/h2>\t\t\t\t<\/div>\n\t\t\t\t<\/div>\n\t\t\t\t<\/div>\n\t\t<div class=\"elementor-element elementor-element-1ed9d683 e-flex e-con-boxed e-con e-parent\" data-id=\"1ed9d683\" data-element_type=\"container\" data-settings=\"{&quot;background_background&quot;:&quot;classic&quot;}\">\n\t\t\t\t\t<div class=\"e-con-inner\">\n\t\t\t\t<div class=\"elementor-element elementor-element-485c429d elementor-widget elementor-widget-heading\" data-id=\"485c429d\" data-element_type=\"widget\" data-widget_type=\"heading.default\">\n\t\t\t\t<div class=\"elementor-widget-container\">\n\t\t\t\t\t<h3 class=\"elementor-heading-title elementor-size-default\">Une \u00e9quipe qui travaille avec passion, expertise et souci du d\u00e9tail - pour des vins de caract\u00e8re et d'\u00e2me<\/h3>\t\t\t\t<\/div>\n\t\t\t\t<\/div>\n\t\t\t\t\t<\/div>\n\t\t\t\t<\/div>\n\t\t<div class=\"elementor-element elementor-element-666630 e-flex e-con-boxed e-con e-parent\" data-id=\"666630\" data-element_type=\"container\" data-settings=\"{&quot;background_background&quot;:&quot;classic&quot;}\">\n\t\t\t\t\t<div class=\"e-con-inner\">\n\t\t<div class=\"elementor-element elementor-element-36f3b31a e-con-full e-flex e-con e-child\" data-id=\"36f3b31a\" data-element_type=\"container\">\n\t\t\t\t<div class=\"elementor-element elementor-element-2133d5f3 elementor-widget elementor-widget-heading\" data-id=\"2133d5f3\" data-element_type=\"widget\" data-widget_type=\"heading.default\">\n\t\t\t\t<div class=\"elementor-widget-container\">\n\t\t\t\t\t<h2 class=\"elementor-heading-title elementor-size-default\">Le vigneron<\/h2>\t\t\t\t<\/div>\n\t\t\t\t<\/div>\n\t\t\t\t<div class=\"elementor-element elementor-element-7ec78ccc elementor-widget elementor-widget-heading\" data-id=\"7ec78ccc\" data-element_type=\"widget\" data-widget_type=\"heading.default\">\n\t\t\t\t<div class=\"elementor-widget-container\">\n\t\t\t\t\t<h2 class=\"elementor-heading-title elementor-size-default\">Josy<\/h2>\t\t\t\t<\/div>\n\t\t\t\t<\/div>\n\t\t\t\t<div class=\"elementor-element elementor-element-92f6d20 elementor-widget elementor-widget-heading\" data-id=\"92f6d20\" data-element_type=\"widget\" data-widget_type=\"heading.default\">\n\t\t\t\t<div class=\"elementor-widget-container\">\n\t\t\t\t\t<p class=\"elementor-heading-title elementor-size-default\">Josy est un viticulteur exp\u00e9riment\u00e9.\n<br>\n<br>\nIl conna\u00eet les vignobles du Luxembourg comme sa poche et sait exactement quels c\u00e9pages et m\u00e9thodes de culture donnent les meilleurs raisins...<\/p>\t\t\t\t<\/div>\n\t\t\t\t<\/div>\n\t\t\t\t<\/div>\n\t\t<div class=\"elementor-element elementor-element-5fcd730d e-con-full e-flex e-con e-child\" data-id=\"5fcd730d\" data-element_type=\"container\">\n\t\t\t\t<div class=\"elementor-element elementor-element-45a2421e elementor-widget elementor-widget-image\" data-id=\"45a2421e\" data-element_type=\"widget\" data-widget_type=\"image.default\">\n\t\t\t\t<div class=\"elementor-widget-container\">\n\t\t\t\t\t\t\t\t\t\t\t\t\t\t\t<img loading=\"lazy\" decoding=\"async\" width=\"800\" height=\"800\" src=\"https:\/\/www.rezbergh.lu\/wp-content\/uploads\/2024\/08\/Josy-min-1024x1024.png\" class=\"attachment-large size-large wp-image-922\" alt=\"\" srcset=\"https:\/\/www.rezbergh.lu\/wp-content\/uploads\/2024\/08\/Josy-min-1024x1024.png 1024w, https:\/\/www.rezbergh.lu\/wp-content\/uploads\/2024\/08\/Josy-min-300x300.png 300w, https:\/\/www.rezbergh.lu\/wp-content\/uploads\/2024\/08\/Josy-min-100x100.png 100w, https:\/\/www.rezbergh.lu\/wp-content\/uploads\/2024\/08\/Josy-min-600x600.png 600w, https:\/\/www.rezbergh.lu\/wp-content\/uploads\/2024\/08\/Josy-min-150x150.png 150w, https:\/\/www.rezbergh.lu\/wp-content\/uploads\/2024\/08\/Josy-min-768x768.png 768w, https:\/\/www.rezbergh.lu\/wp-content\/uploads\/2024\/08\/Josy-min-1536x1536.png 1536w, https:\/\/www.rezbergh.lu\/wp-content\/uploads\/2024\/08\/Josy-min.png 2000w\" sizes=\"auto, (max-width: 800px) 100vw, 800px\" \/>\t\t\t\t\t\t\t\t\t\t\t\t\t\t\t<\/div>\n\t\t\t\t<\/div>\n\t\t\t\t<\/div>\n\t\t\t\t\t<\/div>\n\t\t\t\t<\/div>\n\t\t<div class=\"elementor-element elementor-element-1bf8a8fa e-flex e-con-boxed e-con e-parent\" data-id=\"1bf8a8fa\" data-element_type=\"container\" data-settings=\"{&quot;background_background&quot;:&quot;classic&quot;}\">\n\t\t\t\t\t<div class=\"e-con-inner\">\n\t\t<div class=\"elementor-element elementor-element-5af7b511 e-con-full e-flex e-con e-child\" data-id=\"5af7b511\" data-element_type=\"container\">\n\t\t\t\t<div class=\"elementor-element elementor-element-4c050736 elementor-widget elementor-widget-heading\" data-id=\"4c050736\" data-element_type=\"widget\" data-widget_type=\"heading.default\">\n\t\t\t\t<div class=\"elementor-widget-container\">\n\t\t\t\t\t<h2 class=\"elementor-heading-title elementor-size-default\">Ma\u00eetre de chai champenois<\/h2>\t\t\t\t<\/div>\n\t\t\t\t<\/div>\n\t\t\t\t<div class=\"elementor-element elementor-element-7c6f45f6 elementor-widget elementor-widget-heading\" data-id=\"7c6f45f6\" data-element_type=\"widget\" data-widget_type=\"heading.default\">\n\t\t\t\t<div class=\"elementor-widget-container\">\n\t\t\t\t\t<h2 class=\"elementor-heading-title elementor-size-default\">Charl\u00e8ne<\/h2>\t\t\t\t<\/div>\n\t\t\t\t<\/div>\n\t\t\t\t<div class=\"elementor-element elementor-element-37aafe3d elementor-widget elementor-widget-heading\" data-id=\"37aafe3d\" data-element_type=\"widget\" data-widget_type=\"heading.default\">\n\t\t\t\t<div class=\"elementor-widget-container\">\n\t\t\t\t\t<p class=\"elementor-heading-title elementor-size-default\">Charl\u00e8ne, originaire de Champagne o\u00f9 elle a fait ses \u00e9tudes, a apport\u00e9 son exp\u00e9rience champenoise au Luxembourg.<br>\n<br>Sa passion pour la production de vin est contagieuse. C'est une experte lorsqu'il s'agit de produire les vins les plus nobles...<\/p>\t\t\t\t<\/div>\n\t\t\t\t<\/div>\n\t\t\t\t<\/div>\n\t\t<div class=\"elementor-element elementor-element-74103771 e-con-full e-flex e-con e-child\" data-id=\"74103771\" data-element_type=\"container\">\n\t\t\t\t<div class=\"elementor-element elementor-element-27ad992b elementor-widget elementor-widget-image\" data-id=\"27ad992b\" data-element_type=\"widget\" data-widget_type=\"image.default\">\n\t\t\t\t<div class=\"elementor-widget-container\">\n\t\t\t\t\t\t\t\t\t\t\t\t\t\t\t<img loading=\"lazy\" decoding=\"async\" width=\"1536\" height=\"1536\" src=\"https:\/\/www.rezbergh.lu\/wp-content\/uploads\/2024\/08\/Charlene-min-1536x1536.png\" class=\"attachment-1536x1536 size-1536x1536 wp-image-921\" alt=\"\" srcset=\"https:\/\/www.rezbergh.lu\/wp-content\/uploads\/2024\/08\/Charlene-min-1536x1536.png 1536w, https:\/\/www.rezbergh.lu\/wp-content\/uploads\/2024\/08\/Charlene-min-300x300.png 300w, https:\/\/www.rezbergh.lu\/wp-content\/uploads\/2024\/08\/Charlene-min-100x100.png 100w, https:\/\/www.rezbergh.lu\/wp-content\/uploads\/2024\/08\/Charlene-min-600x600.png 600w, https:\/\/www.rezbergh.lu\/wp-content\/uploads\/2024\/08\/Charlene-min-1024x1024.png 1024w, https:\/\/www.rezbergh.lu\/wp-content\/uploads\/2024\/08\/Charlene-min-150x150.png 150w, https:\/\/www.rezbergh.lu\/wp-content\/uploads\/2024\/08\/Charlene-min-768x768.png 768w, https:\/\/www.rezbergh.lu\/wp-content\/uploads\/2024\/08\/Charlene-min.png 2000w\" sizes=\"auto, (max-width: 1536px) 100vw, 1536px\" \/>\t\t\t\t\t\t\t\t\t\t\t\t\t\t\t<\/div>\n\t\t\t\t<\/div>\n\t\t\t\t<\/div>\n\t\t\t\t\t<\/div>\n\t\t\t\t<\/div>\n\t\t<div class=\"elementor-element elementor-element-63465069 e-flex e-con-boxed e-con e-parent\" data-id=\"63465069\" data-element_type=\"container\" data-settings=\"{&quot;background_background&quot;:&quot;classic&quot;}\">\n\t\t\t\t\t<div class=\"e-con-inner\">\n\t\t<div class=\"elementor-element elementor-element-58a4c278 e-con-full e-flex e-con e-child\" data-id=\"58a4c278\" data-element_type=\"container\">\n\t\t\t\t<div class=\"elementor-element elementor-element-362f319b elementor-widget elementor-widget-heading\" data-id=\"362f319b\" data-element_type=\"widget\" data-widget_type=\"heading.default\">\n\t\t\t\t<div class=\"elementor-widget-container\">\n\t\t\t\t\t<h2 class=\"elementor-heading-title elementor-size-default\">Expert en vin et ancien contr\u00f4leur des vins<\/h2>\t\t\t\t<\/div>\n\t\t\t\t<\/div>\n\t\t\t\t<div class=\"elementor-element elementor-element-582777f8 elementor-widget elementor-widget-heading\" data-id=\"582777f8\" data-element_type=\"widget\" data-widget_type=\"heading.default\">\n\t\t\t\t<div class=\"elementor-widget-container\">\n\t\t\t\t\t<h2 class=\"elementor-heading-title elementor-size-default\">Andr\u00e9<\/h2>\t\t\t\t<\/div>\n\t\t\t\t<\/div>\n\t\t\t\t<div class=\"elementor-element elementor-element-10eeb751 elementor-widget elementor-widget-heading\" data-id=\"10eeb751\" data-element_type=\"widget\" data-widget_type=\"heading.default\">\n\t\t\t\t<div class=\"elementor-widget-container\">\n\t\t\t\t\t<p class=\"elementor-heading-title elementor-size-default\">Andr\u00e9, en tant que scientifique, a chang\u00e9 de voie. Apr\u00e8s des \u00e9tudes de microbiologie et un doctorat, il a commenc\u00e9 sa carri\u00e8re en tant que biologiste \u00e0 l'Institut de la Viticulture du Luxembourg.<br>\n<br>\nPlus tard, en tant que directeur du contr\u00f4le de la qualit\u00e9 et pr\u00e9sident du contr\u00f4le de la qualit\u00e9, il a organis\u00e9 de nombreuses d\u00e9gustations, des s\u00e9minaires sur le vin et des \u00e9v\u00e9nements au cours desquels les invit\u00e9s ont pu d\u00e9couvrir le monde fascinant des vins luxembourgeois...<\/p>\t\t\t\t<\/div>\n\t\t\t\t<\/div>\n\t\t\t\t<\/div>\n\t\t<div class=\"elementor-element elementor-element-3c35291c e-con-full e-flex e-con e-child\" data-id=\"3c35291c\" data-element_type=\"container\">\n\t\t\t\t<div class=\"elementor-element elementor-element-4c4e6a8e elementor-widget elementor-widget-image\" data-id=\"4c4e6a8e\" data-element_type=\"widget\" data-widget_type=\"image.default\">\n\t\t\t\t<div class=\"elementor-widget-container\">\n\t\t\t\t\t\t\t\t\t\t\t\t\t\t\t<img loading=\"lazy\" decoding=\"async\" width=\"800\" height=\"800\" src=\"https:\/\/www.rezbergh.lu\/wp-content\/uploads\/2024\/08\/Andre-min-1024x1024.png\" class=\"attachment-large size-large wp-image-920\" alt=\"\" srcset=\"https:\/\/www.rezbergh.lu\/wp-content\/uploads\/2024\/08\/Andre-min-1024x1024.png 1024w, https:\/\/www.rezbergh.lu\/wp-content\/uploads\/2024\/08\/Andre-min-300x300.png 300w, https:\/\/www.rezbergh.lu\/wp-content\/uploads\/2024\/08\/Andre-min-100x100.png 100w, https:\/\/www.rezbergh.lu\/wp-content\/uploads\/2024\/08\/Andre-min-600x600.png 600w, https:\/\/www.rezbergh.lu\/wp-content\/uploads\/2024\/08\/Andre-min-150x150.png 150w, https:\/\/www.rezbergh.lu\/wp-content\/uploads\/2024\/08\/Andre-min-768x768.png 768w, https:\/\/www.rezbergh.lu\/wp-content\/uploads\/2024\/08\/Andre-min-1536x1536.png 1536w, https:\/\/www.rezbergh.lu\/wp-content\/uploads\/2024\/08\/Andre-min.png 2000w\" sizes=\"auto, (max-width: 800px) 100vw, 800px\" \/>\t\t\t\t\t\t\t\t\t\t\t\t\t\t\t<\/div>\n\t\t\t\t<\/div>\n\t\t\t\t<\/div>\n\t\t\t\t\t<\/div>\n\t\t\t\t<\/div>\n\t\t<div class=\"elementor-element elementor-element-43b6e121 e-flex e-con-boxed e-con e-parent\" data-id=\"43b6e121\" data-element_type=\"container\" data-settings=\"{&quot;background_background&quot;:&quot;classic&quot;}\">\n\t\t\t\t\t<div class=\"e-con-inner\">\n\t\t<div class=\"elementor-element elementor-element-600079a1 e-con-full e-flex e-con e-child\" data-id=\"600079a1\" data-element_type=\"container\">\n\t\t\t\t<div class=\"elementor-element elementor-element-79bb4b1c elementor-widget elementor-widget-heading\" data-id=\"79bb4b1c\" data-element_type=\"widget\" data-widget_type=\"heading.default\">\n\t\t\t\t<div class=\"elementor-widget-container\">\n\t\t\t\t\t<h2 class=\"elementor-heading-title elementor-size-default\">Visionnaire et ambassadeur culturel<\/h2>\t\t\t\t<\/div>\n\t\t\t\t<\/div>\n\t\t\t\t<div class=\"elementor-element elementor-element-6c27656b elementor-widget elementor-widget-heading\" data-id=\"6c27656b\" data-element_type=\"widget\" data-widget_type=\"heading.default\">\n\t\t\t\t<div class=\"elementor-widget-container\">\n\t\t\t\t\t<h2 class=\"elementor-heading-title elementor-size-default\">Alfred<\/h2>\t\t\t\t<\/div>\n\t\t\t\t<\/div>\n\t\t\t\t<div class=\"elementor-element elementor-element-62964f3 elementor-widget elementor-widget-heading\" data-id=\"62964f3\" data-element_type=\"widget\" data-widget_type=\"heading.default\">\n\t\t\t\t<div class=\"elementor-widget-container\">\n\t\t\t\t\t<p class=\"elementor-heading-title elementor-size-default\">Alfred, docteur en droit alimentaire et cosmopolite. Est aujourd'hui le lien derri\u00e8re les activit\u00e9s de diff\u00e9rentes marques du secteur des boissons.\n<br>\n<br>\nAvec son sens aigu des march\u00e9s, des personnes et des moments, il apporte perspective et profondeur \u00e0 l'\u00e9quipe. Passionn\u00e9 par la mise en r\u00e9seau, il veille \u00e0 ce que les bons fils se nouent au bon moment.<\/p>\t\t\t\t<\/div>\n\t\t\t\t<\/div>\n\t\t\t\t<\/div>\n\t\t<div class=\"elementor-element elementor-element-6e88e816 e-con-full e-flex e-con e-child\" data-id=\"6e88e816\" data-element_type=\"container\">\n\t\t\t\t<div class=\"elementor-element elementor-element-6cc9ca2b elementor-widget elementor-widget-image\" data-id=\"6cc9ca2b\" data-element_type=\"widget\" data-widget_type=\"image.default\">\n\t\t\t\t<div class=\"elementor-widget-container\">\n\t\t\t\t\t\t\t\t\t\t\t\t\t\t\t<img loading=\"lazy\" decoding=\"async\" width=\"1536\" height=\"1536\" src=\"https:\/\/www.rezbergh.lu\/wp-content\/uploads\/2024\/08\/Alfred-min-1536x1536.png\" class=\"attachment-1536x1536 size-1536x1536 wp-image-919\" alt=\"\" srcset=\"https:\/\/www.rezbergh.lu\/wp-content\/uploads\/2024\/08\/Alfred-min-1536x1536.png 1536w, https:\/\/www.rezbergh.lu\/wp-content\/uploads\/2024\/08\/Alfred-min-300x300.png 300w, https:\/\/www.rezbergh.lu\/wp-content\/uploads\/2024\/08\/Alfred-min-100x100.png 100w, https:\/\/www.rezbergh.lu\/wp-content\/uploads\/2024\/08\/Alfred-min-600x600.png 600w, https:\/\/www.rezbergh.lu\/wp-content\/uploads\/2024\/08\/Alfred-min-1024x1024.png 1024w, https:\/\/www.rezbergh.lu\/wp-content\/uploads\/2024\/08\/Alfred-min-150x150.png 150w, https:\/\/www.rezbergh.lu\/wp-content\/uploads\/2024\/08\/Alfred-min-768x768.png 768w, https:\/\/www.rezbergh.lu\/wp-content\/uploads\/2024\/08\/Alfred-min.png 2000w\" sizes=\"auto, (max-width: 1536px) 100vw, 1536px\" \/>\t\t\t\t\t\t\t\t\t\t\t\t\t\t\t<\/div>\n\t\t\t\t<\/div>\n\t\t\t\t<\/div>\n\t\t\t\t\t<\/div>\n\t\t\t\t<\/div>\n\t\t<div class=\"elementor-element elementor-element-339f7c65 e-flex e-con-boxed e-con e-parent\" data-id=\"339f7c65\" data-element_type=\"container\" data-settings=\"{&quot;background_background&quot;:&quot;classic&quot;}\">\n\t\t\t\t\t<div class=\"e-con-inner\">\n\t\t\t\t<div class=\"elementor-element elementor-element-2651f1c3 elementor-widget elementor-widget-heading\" data-id=\"2651f1c3\" data-element_type=\"widget\" data-widget_type=\"heading.default\">\n\t\t\t\t<div class=\"elementor-widget-container\">\n\t\t\t\t\t<p class=\"elementor-heading-title elementor-size-default\">Ensemble, ils se sont retrouv\u00e9s \u00e0 la \"Maison Rezbergh\" et ont d\u00e9cid\u00e9 de se sp\u00e9cialiser dans la production de cuv\u00e9es de haute qualit\u00e9, refl\u00e9tant le terroir unique du Luxembourg. Avec beaucoup de soin, ils s\u00e9lectionnent les meilleurs vignobles et produisent leurs cuv\u00e9es uniques \u00e0 partir de diff\u00e9rents c\u00e9pages comme l'auxerrois, le pinot blanc, le pinot gris, le chardonnay et le pinot noir...\n<br><br>Chaque mill\u00e9sime doit \u00eatre un hommage aux sols et au climat uniques du Luxembourg et chaque gorg\u00e9e de leurs cuv\u00e9es doit raconter l'histoire de la tradition viticole luxembourgeoise...<\/p>\t\t\t\t<\/div>\n\t\t\t\t<\/div>\n\t\t\t\t\t<\/div>\n\t\t\t\t<\/div>\n\t\t<div class=\"elementor-element elementor-element-32e17bde elementor-hidden-desktop elementor-hidden-tablet elementor-hidden-mobile e-flex e-con-boxed e-con e-parent\" data-id=\"32e17bde\" data-element_type=\"container\" data-settings=\"{&quot;background_background&quot;:&quot;classic&quot;}\">\n\t\t\t\t\t<div class=\"e-con-inner\">\n\t\t\t\t<div class=\"elementor-element elementor-element-668eb2dc elementor-widget elementor-widget-heading\" data-id=\"668eb2dc\" data-element_type=\"widget\" data-widget_type=\"heading.default\">\n\t\t\t\t<div class=\"elementor-widget-container\">\n\t\t\t\t\t<h2 class=\"elementor-heading-title elementor-size-default\">O\u00f9 pouvez-vous<br>\nProfiter de Rezbergh ?<\/h2>\t\t\t\t<\/div>\n\t\t\t\t<\/div>\n\t\t\t\t<div class=\"elementor-element elementor-element-334aac40 elementor-widget elementor-widget-heading\" data-id=\"334aac40\" data-element_type=\"widget\" data-widget_type=\"heading.default\">\n\t\t\t\t<div class=\"elementor-widget-container\">\n\t\t\t\t\t<h5 class=\"elementor-heading-title elementor-size-default\"><a href=\"\/fr\/shops\/\">Chercher maintenant &gt;<\/a><\/h5>\t\t\t\t<\/div>\n\t\t\t\t<\/div>\n\t\t\t\t\t<\/div>\n\t\t\t\t<\/div>\n\t\t\t\t<\/div>","protected":false},"excerpt":{"rendered":"<p>Au c\u0153ur de la qualit\u00e9 des vins du Luxembourg Une \u00e9quipe qui travaille avec passion, expertise et souci du d\u00e9tail - pour des vins de caract\u00e8re et d'\u00e2me Le vigneron Josy Josy est un vigneron exp\u00e9riment\u00e9. Il conna\u00eet les vignobles du Luxembourg comme sa poche et sait exactement quels c\u00e9pages et m\u00e9thodes de culture donnent les meilleurs raisins... Ma\u00eetre de chai de Champagne Charl\u00e8ne [...].<\/p>","protected":false},"author":2,"featured_media":0,"parent":0,"menu_order":0,"comment_status":"closed","ping_status":"closed","template":"","meta":{"footnotes":""},"class_list":["post-2686","page","type-page","status-publish","hentry"],"_links":{"self":[{"href":"https:\/\/www.rezbergh.lu\/fr\/wp-json\/wp\/v2\/pages\/2686","targetHints":{"allow":["GET"]}}],"collection":[{"href":"https:\/\/www.rezbergh.lu\/fr\/wp-json\/wp\/v2\/pages"}],"about":[{"href":"https:\/\/www.rezbergh.lu\/fr\/wp-json\/wp\/v2\/types\/page"}],"author":[{"embeddable":true,"href":"https:\/\/www.rezbergh.lu\/fr\/wp-json\/wp\/v2\/users\/2"}],"replies":[{"embeddable":true,"href":"https:\/\/www.rezbergh.lu\/fr\/wp-json\/wp\/v2\/comments?post=2686"}],"version-history":[{"count":17,"href":"https:\/\/www.rezbergh.lu\/fr\/wp-json\/wp\/v2\/pages\/2686\/revisions"}],"predecessor-version":[{"id":3183,"href":"https:\/\/www.rezbergh.lu\/fr\/wp-json\/wp\/v2\/pages\/2686\/revisions\/3183"}],"wp:attachment":[{"href":"https:\/\/www.rezbergh.lu\/fr\/wp-json\/wp\/v2\/media?parent=2686"}],"curies":[{"name":"wp","href":"https:\/\/api.w.org\/{rel}","templated":true}]}}