{"id":1412,"date":"2024-09-22T12:38:31","date_gmt":"2024-09-22T10:38:31","guid":{"rendered":"https:\/\/rezbergh.web-cms.io\/?post_type=product&#038;p=1412"},"modified":"2025-03-03T12:10:36","modified_gmt":"2025-03-03T11:10:36","slug":"brut","status":"publish","type":"product","link":"https:\/\/www.rezbergh.lu\/fr\/produit\/brut\/","title":{"rendered":"BRUT"},"content":{"rendered":"<p><strong>Vignoble :<br \/>\n<\/strong><i>Deux formations rocheuses diff\u00e9rentes caract\u00e9risent notre\u00a0<\/i><i>Vins . Keuper dans la r\u00e9gion de Schengen et Muschelkalk\u00a0<\/i><i>dans le canton de Grevenmacher.<\/i><\/p>\n<p class=\"p1\"><i><strong>Vinification :<br \/>\n<\/strong><\/i><i>La base de notre cr\u00e9mant est constitu\u00e9e de raisins sains et aromatiques \u00e0 l'acidit\u00e9 rafra\u00eechissante, soigneusement r\u00e9colt\u00e9s \u00e0 la main et press\u00e9s en grappes enti\u00e8res. Notre cr\u00e9mant est un vin mousseux de qualit\u00e9 au plus haut niveau, avec plus de 30 ans d'exp\u00e9rience dans la production de cr\u00e9mant. La s\u00e9lection cibl\u00e9e des Pinots Noirs et leur transformation en Blanc de Noir pour obtenir une composition parfaite, ainsi qu'un temps de maturation d'au moins 24 mois sur lies, ont donn\u00e9 naissance \u00e0 ce cr\u00e9mant incomparable.<\/i><i>\u00a0Cuv\u00e9e.<\/i><\/p>\n<p><strong>D\u00e9gustation :<br \/>\n<\/strong><i>Ce cr\u00e9mant surprend par sa mousse tr\u00e8s fine, son onctuosit\u00e9 soyeuse et son ar\u00f4me prononc\u00e9. Il refl\u00e8te le charme de son c\u00e9page, le pinot noir vinifi\u00e9 en blanc. Au nez, beaucoup de finesse et des ar\u00f4mes de fruits rouges. Quelque chose de sp\u00e9cial pour tous les amateurs de notre<\/i><i>\u00a0Cr\u00e9mants.<\/i><\/p>\n<p><strong>Recommandation de consommation :<br \/>\n<\/strong><i>Son orientation gastronomique est vari\u00e9e. Il se marie bien avec\u00a0<\/i><i>de champignons et de foie gras po\u00eal\u00e9 aussi bien que des\u00a0<\/i><i>avec des desserts \u00e0 base de chocolat et de caramel.<\/i><\/p>","protected":false},"excerpt":{"rendered":"<p>Cr\u00e9mant de Luxembourg<br \/>\nPinot Noir - Blanc de Noir<br \/>\nTemp\u00e9rature de d\u00e9gustation : 4-6\u00b0C dans le verre<br \/>\nLi\u00e8ge naturel<br \/>\n750 ml, 12,5 Vol.-%<\/p>","protected":false},"featured_media":1408,"comment_status":"closed","ping_status":"closed","template":"","meta":[],"product_brand":[],"product_cat":[32],"product_tag":[45],"class_list":{"0":"post-1412","1":"product","2":"type-product","3":"status-publish","4":"has-post-thumbnail","6":"product_cat-weine","7":"product_tag-brut","9":"first","10":"instock","11":"taxable","12":"shipping-taxable","13":"purchasable","14":"product-type-simple"},"_links":{"self":[{"href":"https:\/\/www.rezbergh.lu\/fr\/wp-json\/wp\/v2\/product\/1412","targetHints":{"allow":["GET"]}}],"collection":[{"href":"https:\/\/www.rezbergh.lu\/fr\/wp-json\/wp\/v2\/product"}],"about":[{"href":"https:\/\/www.rezbergh.lu\/fr\/wp-json\/wp\/v2\/types\/product"}],"replies":[{"embeddable":true,"href":"https:\/\/www.rezbergh.lu\/fr\/wp-json\/wp\/v2\/comments?post=1412"}],"version-history":[{"count":1,"href":"https:\/\/www.rezbergh.lu\/fr\/wp-json\/wp\/v2\/product\/1412\/revisions"}],"predecessor-version":[{"id":2522,"href":"https:\/\/www.rezbergh.lu\/fr\/wp-json\/wp\/v2\/product\/1412\/revisions\/2522"}],"wp:featuredmedia":[{"embeddable":true,"href":"https:\/\/www.rezbergh.lu\/fr\/wp-json\/wp\/v2\/media\/1408"}],"wp:attachment":[{"href":"https:\/\/www.rezbergh.lu\/fr\/wp-json\/wp\/v2\/media?parent=1412"}],"wp:term":[{"taxonomy":"product_brand","embeddable":true,"href":"https:\/\/www.rezbergh.lu\/fr\/wp-json\/wp\/v2\/product_brand?post=1412"},{"taxonomy":"product_cat","embeddable":true,"href":"https:\/\/www.rezbergh.lu\/fr\/wp-json\/wp\/v2\/product_cat?post=1412"},{"taxonomy":"product_tag","embeddable":true,"href":"https:\/\/www.rezbergh.lu\/fr\/wp-json\/wp\/v2\/product_tag?post=1412"}],"curies":[{"name":"wp","href":"https:\/\/api.w.org\/{rel}","templated":true}]}}