{"id":1414,"date":"2024-09-22T12:42:50","date_gmt":"2024-09-22T10:42:50","guid":{"rendered":"https:\/\/rezbergh.web-cms.io\/?post_type=product&#038;p=1414"},"modified":"2025-03-03T12:10:18","modified_gmt":"2025-03-03T11:10:18","slug":"blanc-de-blancs-brut","status":"publish","type":"product","link":"https:\/\/www.rezbergh.lu\/fr\/produit\/blanc-de-blancs-brut\/","title":{"rendered":"BLANC DE BLANCS BRUT"},"content":{"rendered":"<p><strong>Vignoble :<br \/>\n<\/strong><i>Deux formations rocheuses diff\u00e9rentes caract\u00e9risent notre\u00a0<\/i><i>Vins . Keuper dans la r\u00e9gion de Schengen et Muschelkalk\u00a0<\/i><i>dans le canton de Grevenmacher.<\/i><\/p>\n<p class=\"p1\"><i><strong>Vinification :<br \/>\n<\/strong><\/i><i>La base de notre cr\u00e9mant est constitu\u00e9e de fruits sains et aromatiques.\u00a0<\/i><i>Raisins \u00e0 l'acidit\u00e9 rafra\u00eechissante, soigneusement r\u00e9colt\u00e9s \u00e0 la main\u00a0<\/i><i>et press\u00e9s en grappes enti\u00e8res. Ce cr\u00e9mant est une cuv\u00e9e\u00a0<\/i><i>de pinot blanc et de chardonnay, qui est partiellement vieilli en f\u00fbts de ch\u00eane.\u00a0<\/i><i>vieilli et pass\u00e9 au moins 60 mois sur lies.<\/i><\/p>\n<p><strong>D\u00e9gustation :<br \/>\n<\/strong><i>Le nez est domin\u00e9 par des ar\u00f4mes de baies m\u00fbres, de vanille et d'\u00e9pices.\u00a0<\/i><i>et des ar\u00f4mes discrets de torr\u00e9faction. En bouche, il offre une fine\u00a0<\/i><i>perlage et fra\u00eecheur avec des notes fruit\u00e9es de fraises et de\u00a0<\/i><i>mirabelles ainsi qu'une min\u00e9ralit\u00e9 l\u00e9g\u00e8rement iod\u00e9e. Le\u00a0<\/i><i>Des compagnons de repas id\u00e9aux !<\/i><\/p>\n<p><strong>Recommandation de consommation :<br \/>\n<\/strong><i>D\u00e9gustez ce cr\u00e9mant avec une pintade r\u00f4tie au\u00a0<\/i><i>champignons des bois ou avec des fromages \u00e0 p\u00e2te dure.<\/i><\/p>","protected":false},"excerpt":{"rendered":"<p>Cr\u00e9mant de Luxembourg<br \/>\n70% Chardonnay<br \/>\n30% Pinot blanc<br \/>\nTemp\u00e9rature de d\u00e9gustation : 4-6\u00b0C dans le verre<br \/>\nLi\u00e8ge naturel<br \/>\n750 ml, 12,5 Vol.-%<\/p>","protected":false},"featured_media":1404,"comment_status":"closed","ping_status":"closed","template":"","meta":[],"product_brand":[],"product_cat":[32],"product_tag":[47],"class_list":{"0":"post-1414","1":"product","2":"type-product","3":"status-publish","4":"has-post-thumbnail","6":"product_cat-weine","7":"product_tag-blanc-de-blancs","9":"first","10":"instock","11":"taxable","12":"shipping-taxable","13":"purchasable","14":"product-type-simple"},"_links":{"self":[{"href":"https:\/\/www.rezbergh.lu\/fr\/wp-json\/wp\/v2\/product\/1414","targetHints":{"allow":["GET"]}}],"collection":[{"href":"https:\/\/www.rezbergh.lu\/fr\/wp-json\/wp\/v2\/product"}],"about":[{"href":"https:\/\/www.rezbergh.lu\/fr\/wp-json\/wp\/v2\/types\/product"}],"replies":[{"embeddable":true,"href":"https:\/\/www.rezbergh.lu\/fr\/wp-json\/wp\/v2\/comments?post=1414"}],"version-history":[{"count":2,"href":"https:\/\/www.rezbergh.lu\/fr\/wp-json\/wp\/v2\/product\/1414\/revisions"}],"predecessor-version":[{"id":2536,"href":"https:\/\/www.rezbergh.lu\/fr\/wp-json\/wp\/v2\/product\/1414\/revisions\/2536"}],"wp:featuredmedia":[{"embeddable":true,"href":"https:\/\/www.rezbergh.lu\/fr\/wp-json\/wp\/v2\/media\/1404"}],"wp:attachment":[{"href":"https:\/\/www.rezbergh.lu\/fr\/wp-json\/wp\/v2\/media?parent=1414"}],"wp:term":[{"taxonomy":"product_brand","embeddable":true,"href":"https:\/\/www.rezbergh.lu\/fr\/wp-json\/wp\/v2\/product_brand?post=1414"},{"taxonomy":"product_cat","embeddable":true,"href":"https:\/\/www.rezbergh.lu\/fr\/wp-json\/wp\/v2\/product_cat?post=1414"},{"taxonomy":"product_tag","embeddable":true,"href":"https:\/\/www.rezbergh.lu\/fr\/wp-json\/wp\/v2\/product_tag?post=1414"}],"curies":[{"name":"wp","href":"https:\/\/api.w.org\/{rel}","templated":true}]}}