{"id":2622,"date":"2025-04-04T12:10:37","date_gmt":"2025-04-04T10:10:37","guid":{"rendered":"https:\/\/www.rezbergh.lu\/?post_type=product&#038;p=2622"},"modified":"2025-12-05T11:00:56","modified_gmt":"2025-12-05T10:00:56","slug":"brut-rose-magnum-flasche","status":"publish","type":"product","link":"https:\/\/www.rezbergh.lu\/fr\/produit\/brut-rose-magnum-flasche\/","title":{"rendered":"BRUT ROS\u00c9 Bouteille Magnum"},"content":{"rendered":"<p><strong>Vignoble :<br \/>\n<\/strong><i>Deux formations rocheuses diff\u00e9rentes caract\u00e9risent notre\u00a0<\/i><i>Vins . Keuper dans la r\u00e9gion de Schengen et Muschelkalk\u00a0<\/i><i>dans le canton de Grevenmacher.<\/i><\/p>\n<p class=\"p1\"><i><strong>Vinification :<br \/>\n<\/strong><\/i><i>La base de notre cr\u00e9mant est constitu\u00e9e de fruits sains et aromatiques.\u00a0<\/i><i>Raisins \u00e0 l'acidit\u00e9 rafra\u00eechissante, soigneusement r\u00e9colt\u00e9s \u00e0 la main\u00a0<\/i><i>et press\u00e9s en grappes enti\u00e8res. Notre cr\u00e9mant est un\u00a0<\/i><i>Vin mousseux de qualit\u00e9 au plus haut niveau, avec plus de 30 ans de\u00a0<\/i><i>exp\u00e9rience dans l'\u00e9laboration de cr\u00e9mant. La s\u00e9lection cibl\u00e9e des pinots noirs et leur composition parfaite, ainsi qu'un temps de maturation d'au moins 24 mois sur lies, ont donn\u00e9 naissance \u00e0 ce cr\u00e9mant incomparable.<\/i><\/p>\n<p><strong>D\u00e9gustation :<br \/>\n<\/strong><i>La fine couleur saumon\u00e9e et la finesse de sa mousse\u00a0<\/i><i>font la premi\u00e8re impression. Le nez est presque opulent avec\u00a0<\/i><i>ses ar\u00f4mes de fruits rouges. Ce cr\u00e9mant illustre \u00e0 la perfection la diversit\u00e9 et la valeur de son c\u00e9page -pinot noir-.<\/i><i>\u00a0<\/i><i>La finesse en interaction avec la puissance, la structure et le caract\u00e8re.<\/i><\/p>\n<p><strong>Recommandation de consommation :<br \/>\n<\/strong>La cuv\u00e9e BRUT ROS\u00c9 est id\u00e9ale pour accompagner les salades color\u00e9es, les fruits de mer et le magret de canard d\u00e9licatement r\u00f4ti aux cerises, mais aussi les desserts cuits au four aux fruits rouges.<\/p>","protected":false},"excerpt":{"rendered":"<p>Cr\u00e9mant de Luxembourg<br \/>\nPinot noir<br \/>\nTemp\u00e9rature de d\u00e9gustation 4-6\u00b0C dans le verre<br \/>\nLi\u00e8ge naturel<br \/>\n1500ml, 12,5 Vol.-%<\/p>","protected":false},"featured_media":2621,"comment_status":"closed","ping_status":"closed","template":"","meta":[],"product_brand":[],"product_cat":[32,123],"product_tag":[46,124],"class_list":{"0":"post-2622","1":"product","2":"type-product","3":"status-publish","4":"has-post-thumbnail","6":"product_cat-weine","7":"product_cat-magnum-flasche","8":"product_tag-brut-rose","9":"product_tag-magnum-flasche","11":"first","12":"outofstock","13":"taxable","14":"shipping-taxable","15":"purchasable","16":"product-type-simple"},"_links":{"self":[{"href":"https:\/\/www.rezbergh.lu\/fr\/wp-json\/wp\/v2\/product\/2622","targetHints":{"allow":["GET"]}}],"collection":[{"href":"https:\/\/www.rezbergh.lu\/fr\/wp-json\/wp\/v2\/product"}],"about":[{"href":"https:\/\/www.rezbergh.lu\/fr\/wp-json\/wp\/v2\/types\/product"}],"replies":[{"embeddable":true,"href":"https:\/\/www.rezbergh.lu\/fr\/wp-json\/wp\/v2\/comments?post=2622"}],"version-history":[{"count":2,"href":"https:\/\/www.rezbergh.lu\/fr\/wp-json\/wp\/v2\/product\/2622\/revisions"}],"predecessor-version":[{"id":2628,"href":"https:\/\/www.rezbergh.lu\/fr\/wp-json\/wp\/v2\/product\/2622\/revisions\/2628"}],"wp:featuredmedia":[{"embeddable":true,"href":"https:\/\/www.rezbergh.lu\/fr\/wp-json\/wp\/v2\/media\/2621"}],"wp:attachment":[{"href":"https:\/\/www.rezbergh.lu\/fr\/wp-json\/wp\/v2\/media?parent=2622"}],"wp:term":[{"taxonomy":"product_brand","embeddable":true,"href":"https:\/\/www.rezbergh.lu\/fr\/wp-json\/wp\/v2\/product_brand?post=2622"},{"taxonomy":"product_cat","embeddable":true,"href":"https:\/\/www.rezbergh.lu\/fr\/wp-json\/wp\/v2\/product_cat?post=2622"},{"taxonomy":"product_tag","embeddable":true,"href":"https:\/\/www.rezbergh.lu\/fr\/wp-json\/wp\/v2\/product_tag?post=2622"}],"curies":[{"name":"wp","href":"https:\/\/api.w.org\/{rel}","templated":true}]}}